{"id":57,"date":"2021-06-29T05:54:17","date_gmt":"2021-06-29T05:54:17","guid":{"rendered":"http:\/\/45.147.96.217\/index.php\/home\/"},"modified":"2022-07-11T20:11:06","modified_gmt":"2022-07-11T20:11:06","slug":"home","status":"publish","type":"page","link":"https:\/\/domainedesaguins.fr\/","title":{"rendered":"Accueil"},"content":{"rendered":"\n<div class=\"wp-block-cover alignfull is-light\" style=\"min-height:611px;aspect-ratio:unset;\"><span aria-hidden=\"true\" class=\"wp-block-cover__background has-ast-global-color-1-background-color has-background-dim\"><\/span><img loading=\"lazy\" decoding=\"async\" width=\"2560\" height=\"1920\" class=\"wp-block-cover__image-background wp-image-119\" alt=\"\" src=\"http:\/\/45.147.96.217\/wp-content\/uploads\/2022\/04\/5b-scaled.jpg\" style=\"object-position:41% 60%\" data-object-fit=\"cover\" data-object-position=\"41% 60%\" srcset=\"https:\/\/domainedesaguins.fr\/wp-content\/uploads\/2022\/04\/5b-scaled.jpg 2560w, https:\/\/domainedesaguins.fr\/wp-content\/uploads\/2022\/04\/5b-300x225.jpg 300w, https:\/\/domainedesaguins.fr\/wp-content\/uploads\/2022\/04\/5b-1024x768.jpg 1024w, https:\/\/domainedesaguins.fr\/wp-content\/uploads\/2022\/04\/5b-768x576.jpg 768w, https:\/\/domainedesaguins.fr\/wp-content\/uploads\/2022\/04\/5b-1536x1152.jpg 1536w, https:\/\/domainedesaguins.fr\/wp-content\/uploads\/2022\/04\/5b-2048x1536.jpg 2048w\" sizes=\"(max-width: 2560px) 100vw, 2560px\" \/><div class=\"wp-block-cover__inner-container is-layout-flow wp-block-cover-is-layout-flow\">\n<div style=\"height:100px\" aria-hidden=\"true\" class=\"wp-block-spacer text-transform: none\"><\/div>\n\n\n\n<h1 class=\"text-transform: none has-text-color wp-block-heading\" style=\"color:#ffffff\">Le Domaine des Aguins<\/h1>\n\n\n\n<h5 class=\"has-text-color wp-block-heading\" style=\"color:#ffffff\">Un lieu de vacances exceptionnel entre terre et mer dans un domaine parah\u00f4telier<\/h5>\n\n\n\n<div style=\"height:40px\" aria-hidden=\"true\" class=\"wp-block-spacer\"><\/div>\n\n\n\n<div class=\"wp-block-buttons is-layout-flex wp-block-buttons-is-layout-flex\">\n<div class=\"wp-block-button\"><a class=\"wp-block-button__link has-ast-global-color-0-color has-text-color has-background\" href=\"#le-domaine\" style=\"background-color:#ffffff\">D\u00e9couvrir le domaine<\/a><\/div>\n\n\n\n<div class=\"wp-block-button is-style-fill\"><a class=\"wp-block-button__link has-text-color\" href=\"https:\/\/domainedesaguins.fr\/index.php\/sample-page\/\" style=\"color:#ffffff\">Tarifs<\/a><\/div>\n<\/div>\n\n\n\n<p class=\"has-text-color\" style=\"color:#ffffff\"><\/p>\n<\/div><\/div>\n\n\n\n<div class=\"inherit-container-width wp-block-group alignfull has-ast-global-color-5-background-color has-background is-layout-constrained wp-block-group-is-layout-constrained\"><div class=\"wp-block-group__inner-container\">\n<p><\/p>\n\n\n\n<h2 class=\"has-text-align-center wp-block-heading\">Un lieu unique<\/h2>\n\n\n\n<p class=\"has-text-align-center\">Id\u00e9alement situ\u00e9 \u00e0 proximit\u00e9 des grandes plages de la C\u00f4te de Beaut\u00e9 et en plein c\u0153ur du pays royannais, le Domaine des Aguins offre un lieu de r\u00e9sidence exceptionnel pour passer des vacances d\u00e9paysantes au grand air.<\/p>\n\n\n\n<div class=\"wp-block-columns alignwide is-layout-flex wp-container-core-columns-is-layout-1 wp-block-columns-is-layout-flex\">\n<div class=\"wp-block-column is-layout-flow wp-block-column-is-layout-flow\">\n<div class=\"inherit-container-width wp-block-group has-ast-global-color-5-background-color has-background is-layout-constrained wp-block-group-is-layout-constrained\"><div class=\"wp-block-group__inner-container\">\n<div class=\"wp-block-uagb-info-box uagb-infobox__outer-wrap uagb-block-80a11675\"><div class=\"uagb-infobox__content-wrap uagb-infobox uagb-infobox-has-icon uagb-infobox-icon-above-title uagb-infobox-image-valign-top uagb-infobox-enable-border-radius \"><div class=\"uagb-ifb-left-right-wrap\"><div class=\"uagb-ifb-content\"><div class=\"uagb-ifb-image-icon-content uagb-ifb-imgicon-wrap\"><div class=\"uagb-ifb-icon-wrap\"><span class=\"uagb-ifb-icon\"><svg xmlns=\"http:\/\/www.w3.org\/2000\/svg\" viewBox=\"0 0 640 512\"><path d=\"M115.38 136.9l102.11 37.18c35.19-81.54 86.21-144.29 139-173.7-95.88-4.89-188.78 36.96-248.53 111.8-6.69 8.4-2.66 21.05 7.42 24.72zm132.25 48.16l238.48 86.83c35.76-121.38 18.7-231.66-42.63-253.98-7.4-2.7-15.13-4-23.09-4-58.02.01-128.27 69.17-172.76 171.15zM521.48 60.5c6.22 16.3 10.83 34.6 13.2 55.19 5.74 49.89-1.42 108.23-18.95 166.98l102.62 37.36c10.09 3.67 21.31-3.43 21.57-14.17 2.32-95.69-41.91-187.44-118.44-245.36zM560 447.98H321.06L386 269.5l-60.14-21.9-72.9 200.37H16c-8.84 0-16 7.16-16 16.01v32.01C0 504.83 7.16 512 16 512h544c8.84 0 16-7.17 16-16.01v-32.01c0-8.84-7.16-16-16-16z\"><\/path><\/svg><\/span><\/div><\/div><div class=\"uagb-ifb-title-wrap\"><h4 class=\"uagb-ifb-title\"><strong>Les environs<\/strong><\/h4><\/div><div class=\"uagb-ifb-text-wrap\"><p class=\"uagb-ifb-desc\">Amateurs de belles plages et de sports, fervents du patrimoine, curieux de terroir, passionn\u00e9s de nature, vous trouverez votre bonheur en s\u00e9journant au Domaine des Aguins.<\/p><\/div><\/div><\/div><\/div><\/div>\n<\/div><\/div>\n<\/div>\n\n\n\n<div class=\"wp-block-column is-layout-flow wp-block-column-is-layout-flow\">\n<div class=\"inherit-container-width wp-block-group has-ast-global-color-5-background-color has-background is-layout-constrained wp-block-group-is-layout-constrained\"><div class=\"wp-block-group__inner-container\">\n<div class=\"wp-block-uagb-info-box uagb-infobox__outer-wrap uagb-block-2eb056d1\"><div class=\"uagb-infobox__content-wrap uagb-infobox uagb-infobox-has-icon uagb-infobox-icon-above-title uagb-infobox-image-valign-top uagb-infobox-enable-border-radius \"><div class=\"uagb-ifb-left-right-wrap\"><div class=\"uagb-ifb-content\"><div class=\"uagb-ifb-image-icon-content uagb-ifb-imgicon-wrap\"><div class=\"uagb-ifb-icon-wrap\"><span class=\"uagb-ifb-icon\"><svg xmlns=\"http:\/\/www.w3.org\/2000\/svg\" viewBox=\"0 0 576 512\"><path d=\"M288 114.96L69.47 307.71c-1.62 1.46-3.69 2.14-5.47 3.35V496c0 8.84 7.16 16 16 16h149.23L192 439.19l104.11-64-60.16-119.22L384 392.75l-104.11 64L319.81 512H496c8.84 0 16-7.16 16-16V311.1c-1.7-1.16-3.72-1.82-5.26-3.2L288 114.96zm282.69 121.32L512 184.45V48c0-8.84-7.16-16-16-16h-64c-8.84 0-16 7.16-16 16v51.69L314.75 10.31C307.12 3.45 297.56.01 288 0s-19.1 3.41-26.7 10.27L5.31 236.28c-6.57 5.91-7.12 16.02-1.21 22.6l21.4 23.82c5.9 6.57 16.02 7.12 22.6 1.21L277.42 81.63c6.05-5.33 15.12-5.33 21.17 0L527.91 283.9c6.57 5.9 16.69 5.36 22.6-1.21l21.4-23.82c5.9-6.57 5.36-16.69-1.22-22.59z\"><\/path><\/svg><\/span><\/div><\/div><div class=\"uagb-ifb-title-wrap\"><h4 class=\"uagb-ifb-title\"><strong><strong>H\u00e9bergement typique<\/strong><\/strong><\/h4><\/div><div class=\"uagb-ifb-text-wrap\"><p class=\"uagb-ifb-desc\">Ce site unique propose un h\u00e9bergement typique de la r\u00e9gion. <br>Il est compos\u00e9 d\u2019une maison de ma\u00eetre charentaise r\u00e9am\u00e9nag\u00e9e afin d\u2019offrir quatre appartements tout \u00e9quip\u00e9s pour 2 \u00e0 5 personnes et d\u2019un corps de ferme r\u00e9nov\u00e9 et r\u00e9habilit\u00e9. <br>Quant aux anciennes granges de la propri\u00e9t\u00e9, ce sont maintenant deux belles villas de vacances.<\/p><\/div><\/div><\/div><\/div><\/div>\n<\/div><\/div>\n<\/div>\n\n\n\n<div class=\"wp-block-column is-layout-flow wp-block-column-is-layout-flow\">\n<div class=\"inherit-container-width wp-block-group has-ast-global-color-5-background-color has-background is-layout-constrained wp-block-group-is-layout-constrained\"><div class=\"wp-block-group__inner-container\">\n<div class=\"wp-block-uagb-info-box uagb-infobox__outer-wrap uagb-block-e6dcf387\"><div class=\"uagb-infobox__content-wrap uagb-infobox uagb-infobox-has-icon uagb-infobox-icon-above-title uagb-infobox-image-valign-top uagb-infobox-enable-border-radius \"><div class=\"uagb-ifb-left-right-wrap\"><div class=\"uagb-ifb-content\"><div class=\"uagb-ifb-image-icon-content uagb-ifb-imgicon-wrap\"><div class=\"uagb-ifb-icon-wrap\"><span class=\"uagb-ifb-icon\"><svg xmlns=\"http:\/\/www.w3.org\/2000\/svg\" viewBox=\"0 0 384 512\"><path d=\"M378.31 378.49L298.42 288h30.63c9.01 0 16.98-5 20.78-13.06 3.8-8.04 2.55-17.26-3.28-24.05L268.42 160h28.89c9.1 0 17.3-5.35 20.86-13.61 3.52-8.13 1.86-17.59-4.24-24.08L203.66 4.83c-6.03-6.45-17.28-6.45-23.32 0L70.06 122.31c-6.1 6.49-7.75 15.95-4.24 24.08C69.38 154.65 77.59 160 86.69 160h28.89l-78.14 90.91c-5.81 6.78-7.06 15.99-3.27 24.04C37.97 283 45.93 288 54.95 288h30.63L5.69 378.49c-6 6.79-7.36 16.09-3.56 24.26 3.75 8.05 12 13.25 21.01 13.25H160v24.45l-30.29 48.4c-5.32 10.64 2.42 23.16 14.31 23.16h95.96c11.89 0 19.63-12.52 14.31-23.16L224 440.45V416h136.86c9.01 0 17.26-5.2 21.01-13.25 3.8-8.17 2.44-17.47-3.56-24.26z\"><\/path><\/svg><\/span><\/div><\/div><div class=\"uagb-ifb-title-wrap\"><h4 class=\"uagb-ifb-title\"><strong><strong><strong>Des espaces<\/strong><\/strong><\/strong><\/h4><\/div><div class=\"uagb-ifb-text-wrap\"><p class=\"uagb-ifb-desc\">Ce site clos est compl\u00e8tement s\u00e9curis\u00e9 et offre de nombreux services sur place comme une piscine, un jardin, des espaces sportifs et de d\u00e9tente (terrain de boules), un parking, un barbecue&#8230;<\/p><\/div><\/div><\/div><\/div><\/div>\n<\/div><\/div>\n<\/div>\n<\/div>\n<\/div><\/div>\n\n\n\n<div class=\"inherit-container-width wp-block-group alignfull has-ast-global-color-5-background-color has-background is-layout-constrained wp-block-group-is-layout-constrained\" id=\"le-domaine\"><div class=\"wp-block-group__inner-container\">\n<h6 class=\"has-text-align-center has-ast-global-color-0-color has-text-color wp-block-heading\" style=\"text-transform:uppercase\">pr\u00e9sentation<\/h6>\n\n\n\n<h2 class=\"has-text-align-center wp-block-heading\">Le Domaine des Aguins<\/h2>\n\n\n\n<div class=\"wp-block-columns alignwide is-layout-flex wp-container-core-columns-is-layout-2 wp-block-columns-is-layout-flex\">\n<div class=\"wp-block-column is-layout-flow wp-block-column-is-layout-flow\">\n<div class=\"inherit-container-width wp-block-group has-ast-global-color-4-background-color has-background is-layout-constrained wp-block-group-is-layout-constrained\"><div class=\"wp-block-group__inner-container\">\n<p>Les logements du Domaine des Aguins font partie d\u2019un ensemble comprenant une maison de ma\u00eetre charentaise et d\u2019un vaste corps de ferme. L\u2019ensemble du domaine a \u00e9t\u00e9 r\u00e9nov\u00e9 et r\u00e9habilit\u00e9 en 2008 sous l\u2019\u00e9gide d\u2019un architecte DPLG.<\/p>\n<\/div><\/div>\n<\/div>\n<\/div>\n\n\n\n<div class=\"wp-block-media-text alignwide is-stacked-on-mobile is-vertically-aligned-center\"><figure class=\"wp-block-media-text__media\"><img loading=\"lazy\" decoding=\"async\" width=\"1024\" height=\"765\" src=\"http:\/\/45.147.96.217\/wp-content\/uploads\/2022\/04\/1-2-1024x765.jpg\" alt=\"\" class=\"wp-image-122 size-full\" srcset=\"https:\/\/domainedesaguins.fr\/wp-content\/uploads\/2022\/04\/1-2-1024x765.jpg 1024w, https:\/\/domainedesaguins.fr\/wp-content\/uploads\/2022\/04\/1-2-300x224.jpg 300w, https:\/\/domainedesaguins.fr\/wp-content\/uploads\/2022\/04\/1-2-768x574.jpg 768w, https:\/\/domainedesaguins.fr\/wp-content\/uploads\/2022\/04\/1-2-1536x1147.jpg 1536w, https:\/\/domainedesaguins.fr\/wp-content\/uploads\/2022\/04\/1-2-2048x1530.jpg 2048w\" sizes=\"(max-width: 1024px) 100vw, 1024px\" \/><\/figure><div class=\"wp-block-media-text__content\">\n<h3 class=\"has-ast-global-color-0-color has-text-color wp-block-heading\">01.<\/h3>\n\n\n\n<h3 class=\"wp-block-heading\">Les villas<\/h3>\n\n\n\n<p>Les anciennes granges du domaine&nbsp;ont \u00e9t\u00e9 transform\u00e9es en villas de vacances spacieuses pouvant accueillir chacune de 8 \u00e0 11 personnes dans un cadre charmant et confortable.<\/p>\n\n\n\n<div class=\"wp-block-buttons is-layout-flex wp-block-buttons-is-layout-flex\">\n<div class=\"wp-block-button\"><a class=\"wp-block-button__link\" href=\"https:\/\/domainedesaguins.fr\/index.php\/la-villa\/\">La Grange (8 &#8211; 10 pers.)<\/a><\/div>\n\n\n\n<div class=\"wp-block-button\"><a class=\"wp-block-button__link\" href=\"https:\/\/domainedesaguins.fr\/index.php\/la-verriere\/\">La Verri\u00e8re (9 &#8211; 11 pers.)<\/a><\/div>\n<\/div>\n<\/div><\/div>\n\n\n\n<div class=\"wp-block-media-text alignwide has-media-on-the-right is-stacked-on-mobile is-vertically-aligned-center\"><figure class=\"wp-block-media-text__media\"><img loading=\"lazy\" decoding=\"async\" width=\"1024\" height=\"768\" src=\"http:\/\/45.147.96.217\/wp-content\/uploads\/2022\/04\/1-1-1024x768.jpg\" alt=\"\" class=\"wp-image-120 size-full\" srcset=\"https:\/\/domainedesaguins.fr\/wp-content\/uploads\/2022\/04\/1-1-1024x768.jpg 1024w, https:\/\/domainedesaguins.fr\/wp-content\/uploads\/2022\/04\/1-1-300x225.jpg 300w, https:\/\/domainedesaguins.fr\/wp-content\/uploads\/2022\/04\/1-1-768x576.jpg 768w, https:\/\/domainedesaguins.fr\/wp-content\/uploads\/2022\/04\/1-1-1536x1152.jpg 1536w, https:\/\/domainedesaguins.fr\/wp-content\/uploads\/2022\/04\/1-1-2048x1536.jpg 2048w\" sizes=\"(max-width: 1024px) 100vw, 1024px\" \/><\/figure><div class=\"wp-block-media-text__content\">\n<h3 class=\"has-ast-global-color-0-color has-text-color wp-block-heading\">02.<\/h3>\n\n\n\n<h3 class=\"wp-block-heading\">Les appartements<\/h3>\n\n\n\n<p>La maison charentaise a \u00e9t\u00e9 restaur\u00e9e pour pouvoir accueillir 4 appartements disposant de tout le confort. <\/p>\n\n\n\n<div class=\"wp-block-buttons is-layout-flex wp-block-buttons-is-layout-flex\">\n<div class=\"wp-block-button\"><a class=\"wp-block-button__link\" href=\"https:\/\/domainedesaguins.fr\/index.php\/nos-appartements\/\">D\u00e9couvrir nos appartements<\/a><\/div>\n<\/div>\n<\/div><\/div>\n\n\n\n<div class=\"wp-block-media-text alignwide is-stacked-on-mobile is-vertically-aligned-center\"><figure class=\"wp-block-media-text__media\"><img loading=\"lazy\" decoding=\"async\" width=\"1024\" height=\"768\" src=\"http:\/\/45.147.96.217\/wp-content\/uploads\/2022\/04\/5b-1024x768.jpg\" alt=\"\" class=\"wp-image-119 size-full\" srcset=\"https:\/\/domainedesaguins.fr\/wp-content\/uploads\/2022\/04\/5b-1024x768.jpg 1024w, https:\/\/domainedesaguins.fr\/wp-content\/uploads\/2022\/04\/5b-300x225.jpg 300w, https:\/\/domainedesaguins.fr\/wp-content\/uploads\/2022\/04\/5b-768x576.jpg 768w, https:\/\/domainedesaguins.fr\/wp-content\/uploads\/2022\/04\/5b-1536x1152.jpg 1536w, https:\/\/domainedesaguins.fr\/wp-content\/uploads\/2022\/04\/5b-2048x1536.jpg 2048w\" sizes=\"(max-width: 1024px) 100vw, 1024px\" \/><\/figure><div class=\"wp-block-media-text__content\">\n<h3 class=\"has-ast-global-color-0-color has-text-color wp-block-heading\">03.<\/h3>\n\n\n\n<h3 class=\"wp-block-heading\">Le Domaine<\/h3>\n\n\n\n<p>Le Domaine des Aguins dispose d\u2019une piscine de 10x5m s\u00e9curis\u00e9e par des murets et cl\u00f4tures, autour de laquelle vous accueillent &nbsp;plusieurs terrasses de repos. Il offre un espace clos de 2000m2 dans un cadre calme et reposant.<\/p>\n\n\n\n<div class=\"wp-block-buttons is-layout-flex wp-block-buttons-is-layout-flex\">\n<div class=\"wp-block-button\"><a class=\"wp-block-button__link\" href=\"https:\/\/domainedesaguins.fr\/index.php\/le-domaine-des-aguins-et-les-services\/\">D\u00e9couvrir les services du Domaine des Aguins<\/a><\/div>\n<\/div>\n<\/div><\/div>\n<\/div><\/div>\n\n\n\n<div class=\"inherit-container-width wp-block-group alignfull has-ast-global-color-4-background-color has-background is-layout-constrained wp-block-group-is-layout-constrained\"><div class=\"wp-block-group__inner-container\">\n<h2 class=\"has-text-align-center wp-block-heading\"><strong>Nos atouts<\/strong><\/h2>\n\n\n\n<div class=\"wp-block-columns alignwide is-layout-flex wp-container-core-columns-is-layout-3 wp-block-columns-is-layout-flex\">\n<div class=\"wp-block-column is-layout-flow wp-block-column-is-layout-flow\">\n<div class=\"inherit-container-width wp-block-group has-ast-global-color-5-background-color has-background is-layout-constrained wp-block-group-is-layout-constrained\"><div class=\"wp-block-group__inner-container\">\n<div class=\"wp-block-uagb-info-box uagb-infobox__outer-wrap uagb-block-85884a75\"><div class=\"uagb-infobox__content-wrap uagb-infobox uagb-infobox-has-icon uagb-infobox-icon-left uagb-infobox-left uagb-infobox-stacked-tablet uagb-infobox-image-valign-top uagb-infobox-enable-border-radius \"><div class=\"uagb-ifb-left-right-wrap\"><div class=\"uagb-ifb-image-icon-content uagb-ifb-imgicon-wrap\"><div class=\"uagb-ifb-icon-wrap\"><span class=\"uagb-ifb-icon\"><svg xmlns=\"http:\/\/www.w3.org\/2000\/svg\" viewBox=\"0 0 576 512\"><path d=\"M288 0c-69.59 0-126 56.41-126 126 0 56.26 82.35 158.8 113.9 196.02 6.39 7.54 17.82 7.54 24.2 0C331.65 284.8 414 182.26 414 126 414 56.41 357.59 0 288 0zm0 168c-23.2 0-42-18.8-42-42s18.8-42 42-42 42 18.8 42 42-18.8 42-42 42zM20.12 215.95A32.006 32.006 0 0 0 0 245.66v250.32c0 11.32 11.43 19.06 21.94 14.86L160 448V214.92c-8.84-15.98-16.07-31.54-21.25-46.42L20.12 215.95zM288 359.67c-14.07 0-27.38-6.18-36.51-16.96-19.66-23.2-40.57-49.62-59.49-76.72v182l192 64V266c-18.92 27.09-39.82 53.52-59.49 76.72-9.13 10.77-22.44 16.95-36.51 16.95zm266.06-198.51L416 224v288l139.88-55.95A31.996 31.996 0 0 0 576 426.34V176.02c0-11.32-11.43-19.06-21.94-14.86z\"><\/path><\/svg><\/span><\/div><\/div><div class=\"uagb-ifb-content\"><div class=\"uagb-ifb-title-wrap\"><h4 class=\"uagb-ifb-title\"><strong><strong>Toutes les commodit\u00e9s \u00e0 proximit\u00e9<\/strong><\/strong><\/h4><\/div><div class=\"uagb-ifb-text-wrap\"><p class=\"uagb-ifb-desc\">Le Domaine des Aguins est situ\u00e9 \u00e0 3 kilom\u00e8tres de la gare de Saujon. Vous trouverez dans cette ville thermale b\u00e2tie sur la Seudre tous les commerces de proximit\u00e9 et de restauration n\u00e9cessaires \u00e0 votre confort et susceptibles d\u2019agr\u00e9menter votre s\u00e9jour pr\u00e8s du petit port de Rib\u00e9rou.<\/p><\/div><\/div><\/div><\/div><\/div>\n<\/div><\/div>\n<\/div>\n\n\n\n<div class=\"wp-block-column is-layout-flow wp-block-column-is-layout-flow\">\n<div class=\"inherit-container-width wp-block-group has-ast-global-color-5-background-color has-background is-layout-constrained wp-block-group-is-layout-constrained\"><div class=\"wp-block-group__inner-container\">\n<div class=\"wp-block-uagb-info-box uagb-infobox__outer-wrap uagb-block-e8f484b6\"><div class=\"uagb-infobox__content-wrap uagb-infobox uagb-infobox-has-icon uagb-infobox-icon-left uagb-infobox-left uagb-infobox-stacked-tablet uagb-infobox-image-valign-top uagb-infobox-enable-border-radius \"><div class=\"uagb-ifb-left-right-wrap\"><div class=\"uagb-ifb-image-icon-content uagb-ifb-imgicon-wrap\"><div class=\"uagb-ifb-icon-wrap\"><span class=\"uagb-ifb-icon\"><svg xmlns=\"http:\/\/www.w3.org\/2000\/svg\" viewBox=\"0 0 512 512\"><path d=\"M128 480h256V80c0-26.5-21.5-48-48-48H176c-26.5 0-48 21.5-48 48v400zm64-384h128v32H192V96zm320 80v256c0 26.5-21.5 48-48 48h-48V128h48c26.5 0 48 21.5 48 48zM96 480H48c-26.5 0-48-21.5-48-48V176c0-26.5 21.5-48 48-48h48v352z\"><\/path><\/svg><\/span><\/div><\/div><div class=\"uagb-ifb-content\"><div class=\"uagb-ifb-title-wrap\"><h4 class=\"uagb-ifb-title\"><strong><strong><strong>Un accueil toute l\u2019ann\u00e9e et des s\u00e9jours \u00e0 la carte<\/strong><\/strong><\/strong><\/h4><\/div><div class=\"uagb-ifb-text-wrap\"><p class=\"uagb-ifb-desc\">Dans un habitat traditionnel r\u00e9nov\u00e9, les logements accueillent de 2 \u00e0 10 personnes et sont disponibles \u00e0 la p\u00e9riode de votre choix tout au long de l\u2019ann\u00e9e, pour un jour, un week-end&nbsp; ou plusieurs semaines, offrant ainsi une gamme compl\u00e8te de prestations \u00e0 la carte.<\/p><\/div><\/div><\/div><\/div><\/div>\n<\/div><\/div>\n<\/div>\n\n\n\n<div class=\"wp-block-column is-layout-flow wp-block-column-is-layout-flow\">\n<div class=\"inherit-container-width wp-block-group has-ast-global-color-5-background-color has-background is-layout-constrained wp-block-group-is-layout-constrained\"><div class=\"wp-block-group__inner-container\">\n<div class=\"wp-block-uagb-google-map uagb-google-map__wrap uagb-block-31c33489\"><iframe class=\"uagb-google-map__iframe\" title=\"Google Map for Le Domaine des Aguins\" src=\"https:\/\/www.google.com\/maps\/embed\/v1\/place?key=AIzaSyAsd_d46higiozY-zNqtr7zdA81Soswje4&amp;q=Le%20Domaine%20des%20Aguins&amp;zoom=10&amp;language=fr\" style=\"height:375px\"><\/iframe><\/div>\n<\/div><\/div>\n<\/div>\n<\/div>\n\n\n\n<div class=\"wp-block-buttons is-content-justification-center is-layout-flex wp-container-core-buttons-is-layout-5 wp-block-buttons-is-layout-flex\">\n<div class=\"wp-block-button is-style-fill\"><a class=\"wp-block-button__link\" href=\"https:\/\/domainedesaguins.fr\/index.php\/pour-venir-au-domaine\/\">Pour venir au Domaine<\/a><\/div>\n<\/div>\n<\/div><\/div>\n","protected":false},"excerpt":{"rendered":"<p>Un lieu unique Id\u00e9alement situ\u00e9 \u00e0 proximit\u00e9 des grandes plages de la C\u00f4te de Beaut\u00e9 et en plein c\u0153ur du pays royannais, le Domaine des Aguins offre un lieu de r\u00e9sidence exceptionnel pour passer des vacances d\u00e9paysantes au grand air. pr\u00e9sentation Le Domaine des Aguins Les logements du Domaine des Aguins font partie d\u2019un ensemble &hellip;<\/p>\n<p class=\"read-more\"> <a class=\"\" href=\"https:\/\/domainedesaguins.fr\/\"> <span class=\"screen-reader-text\">Accueil<\/span> Lire la suite\u00a0\u00bb<\/a><\/p>\n","protected":false},"author":1,"featured_media":0,"parent":0,"menu_order":0,"comment_status":"closed","ping_status":"closed","template":"","meta":{"site-sidebar-layout":"no-sidebar","site-content-layout":"plain-container","ast-global-header-display":"","ast-main-header-display":"","ast-hfb-above-header-display":"","ast-hfb-below-header-display":"","ast-hfb-mobile-header-display":"","site-post-title":"disabled","ast-breadcrumbs-content":"","ast-featured-img":"disabled","footer-sml-layout":"","theme-transparent-header-meta":"enabled","adv-header-id-meta":"","stick-header-meta":"","header-above-stick-meta":"","header-main-stick-meta":"","header-below-stick-meta":"","footnotes":""},"uagb_featured_image_src":{"full":false,"thumbnail":false,"medium":false,"medium_large":false,"large":false,"1536x1536":false,"2048x2048":false},"uagb_author_info":{"display_name":"adm_wp_LesAguins","author_link":"https:\/\/domainedesaguins.fr\/index.php\/author\/adm_wp_lesaguins\/"},"uagb_comment_info":0,"uagb_excerpt":"Un lieu unique Id\u00e9alement situ\u00e9 \u00e0 proximit\u00e9 des grandes plages de la C\u00f4te de Beaut\u00e9 et en plein c\u0153ur du pays royannais, le Domaine des Aguins offre un lieu de r\u00e9sidence exceptionnel pour passer des vacances d\u00e9paysantes au grand air. pr\u00e9sentation Le Domaine des Aguins Les logements du Domaine des Aguins font partie d\u2019un ensemble\u2026","_links":{"self":[{"href":"https:\/\/domainedesaguins.fr\/index.php\/wp-json\/wp\/v2\/pages\/57"}],"collection":[{"href":"https:\/\/domainedesaguins.fr\/index.php\/wp-json\/wp\/v2\/pages"}],"about":[{"href":"https:\/\/domainedesaguins.fr\/index.php\/wp-json\/wp\/v2\/types\/page"}],"author":[{"embeddable":true,"href":"https:\/\/domainedesaguins.fr\/index.php\/wp-json\/wp\/v2\/users\/1"}],"replies":[{"embeddable":true,"href":"https:\/\/domainedesaguins.fr\/index.php\/wp-json\/wp\/v2\/comments?post=57"}],"version-history":[{"count":67,"href":"https:\/\/domainedesaguins.fr\/index.php\/wp-json\/wp\/v2\/pages\/57\/revisions"}],"predecessor-version":[{"id":622,"href":"https:\/\/domainedesaguins.fr\/index.php\/wp-json\/wp\/v2\/pages\/57\/revisions\/622"}],"wp:attachment":[{"href":"https:\/\/domainedesaguins.fr\/index.php\/wp-json\/wp\/v2\/media?parent=57"}],"curies":[{"name":"wp","href":"https:\/\/api.w.org\/{rel}","templated":true}]}}