{"id":451,"date":"2022-07-08T19:51:15","date_gmt":"2022-07-08T19:51:15","guid":{"rendered":"http:\/\/45.147.96.217\/?page_id=451"},"modified":"2022-08-05T09:35:34","modified_gmt":"2022-08-05T09:35:34","slug":"nos-maisons","status":"publish","type":"page","link":"https:\/\/domainedesaguins.fr\/index.php\/nos-maisons\/","title":{"rendered":"Les Villas"},"content":{"rendered":"\n<p>Les anciennes granges du domaine&nbsp;ont \u00e9t\u00e9 transform\u00e9es en villas de vacances spacieuses pouvant accueillir chacune de 8 \u00e0 11 personnes dans un cadre charmant et confortable.<\/p>\n\n\n\n<div style=\"height:53px\" aria-hidden=\"true\" class=\"wp-block-spacer\"><\/div>\n\n\n\n<div class=\"wp-block-media-text alignwide is-stacked-on-mobile is-vertically-aligned-center\"><figure class=\"wp-block-media-text__media\"><img loading=\"lazy\" decoding=\"async\" width=\"1024\" height=\"768\" src=\"http:\/\/45.147.96.217\/wp-content\/uploads\/2022\/07\/1-8-1024x768.jpg\" alt=\"\" class=\"wp-image-455 size-full\" srcset=\"https:\/\/domainedesaguins.fr\/wp-content\/uploads\/2022\/07\/1-8-1024x768.jpg 1024w, https:\/\/domainedesaguins.fr\/wp-content\/uploads\/2022\/07\/1-8-300x225.jpg 300w, https:\/\/domainedesaguins.fr\/wp-content\/uploads\/2022\/07\/1-8-768x576.jpg 768w, https:\/\/domainedesaguins.fr\/wp-content\/uploads\/2022\/07\/1-8-1536x1152.jpg 1536w, https:\/\/domainedesaguins.fr\/wp-content\/uploads\/2022\/07\/1-8-2048x1536.jpg 2048w\" sizes=\"(max-width: 1024px) 100vw, 1024px\" \/><\/figure><div class=\"wp-block-media-text__content\">\n<h3 class=\"has-ast-global-color-0-color has-text-color wp-block-heading\">01.<\/h3>\n\n\n\n<h3 class=\"wp-block-heading\">La Grange<\/h3>\n\n\n\n<p>8 &#8211; 10 personnes<\/p>\n\n\n\n<div class=\"wp-block-buttons is-layout-flex wp-block-buttons-is-layout-flex\">\n<div class=\"wp-block-button\"><a class=\"wp-block-button__link\" href=\"https:\/\/domainedesaguins.fr\/index.php\/la-villa\/\">D\u00e9couvrir<\/a><\/div>\n<\/div>\n<\/div><\/div>\n\n\n\n<div class=\"wp-block-media-text alignwide has-media-on-the-right is-stacked-on-mobile is-vertically-aligned-center\"><figure class=\"wp-block-media-text__media\"><img loading=\"lazy\" decoding=\"async\" width=\"1024\" height=\"768\" src=\"http:\/\/45.147.96.217\/wp-content\/uploads\/2022\/07\/8-2-1024x768.jpg\" alt=\"\" class=\"wp-image-453 size-full\" srcset=\"https:\/\/domainedesaguins.fr\/wp-content\/uploads\/2022\/07\/8-2-1024x768.jpg 1024w, https:\/\/domainedesaguins.fr\/wp-content\/uploads\/2022\/07\/8-2-300x225.jpg 300w, https:\/\/domainedesaguins.fr\/wp-content\/uploads\/2022\/07\/8-2-768x576.jpg 768w, https:\/\/domainedesaguins.fr\/wp-content\/uploads\/2022\/07\/8-2-1536x1152.jpg 1536w, https:\/\/domainedesaguins.fr\/wp-content\/uploads\/2022\/07\/8-2-2048x1536.jpg 2048w\" sizes=\"(max-width: 1024px) 100vw, 1024px\" \/><\/figure><div class=\"wp-block-media-text__content\">\n<h3 class=\"has-ast-global-color-0-color has-text-color wp-block-heading\">02.<\/h3>\n\n\n\n<h3 class=\"wp-block-heading\">La Verri\u00e8re<\/h3>\n\n\n\n<p>9 &#8211; 11 personnes<\/p>\n\n\n\n<div class=\"wp-block-buttons is-layout-flex wp-block-buttons-is-layout-flex\">\n<div class=\"wp-block-button\"><a class=\"wp-block-button__link\" href=\"https:\/\/domainedesaguins.fr\/index.php\/la-verriere\/\">D\u00e9couvrir<\/a><\/div>\n<\/div>\n<\/div><\/div>\n","protected":false},"excerpt":{"rendered":"<p>Les anciennes granges du domaine&nbsp;ont \u00e9t\u00e9 transform\u00e9es en villas de vacances spacieuses pouvant accueillir chacune de 8 \u00e0 11 personnes dans un cadre charmant et confortable.<\/p>\n","protected":false},"author":1,"featured_media":0,"parent":0,"menu_order":0,"comment_status":"closed","ping_status":"closed","template":"","meta":{"site-sidebar-layout":"default","site-content-layout":"default","ast-global-header-display":"","ast-main-header-display":"","ast-hfb-above-header-display":"","ast-hfb-below-header-display":"","ast-hfb-mobile-header-display":"","site-post-title":"","ast-breadcrumbs-content":"","ast-featured-img":"","footer-sml-layout":"","theme-transparent-header-meta":"","adv-header-id-meta":"","stick-header-meta":"","header-above-stick-meta":"","header-main-stick-meta":"","header-below-stick-meta":"","footnotes":""},"uagb_featured_image_src":{"full":false,"thumbnail":false,"medium":false,"medium_large":false,"large":false,"1536x1536":false,"2048x2048":false},"uagb_author_info":{"display_name":"adm_wp_LesAguins","author_link":"https:\/\/domainedesaguins.fr\/index.php\/author\/adm_wp_lesaguins\/"},"uagb_comment_info":0,"uagb_excerpt":"Les anciennes granges du domaine&nbsp;ont \u00e9t\u00e9 transform\u00e9es en villas de vacances spacieuses pouvant accueillir chacune de 8 \u00e0 11 personnes dans un cadre charmant et confortable.","_links":{"self":[{"href":"https:\/\/domainedesaguins.fr\/index.php\/wp-json\/wp\/v2\/pages\/451"}],"collection":[{"href":"https:\/\/domainedesaguins.fr\/index.php\/wp-json\/wp\/v2\/pages"}],"about":[{"href":"https:\/\/domainedesaguins.fr\/index.php\/wp-json\/wp\/v2\/types\/page"}],"author":[{"embeddable":true,"href":"https:\/\/domainedesaguins.fr\/index.php\/wp-json\/wp\/v2\/users\/1"}],"replies":[{"embeddable":true,"href":"https:\/\/domainedesaguins.fr\/index.php\/wp-json\/wp\/v2\/comments?post=451"}],"version-history":[{"count":13,"href":"https:\/\/domainedesaguins.fr\/index.php\/wp-json\/wp\/v2\/pages\/451\/revisions"}],"predecessor-version":[{"id":590,"href":"https:\/\/domainedesaguins.fr\/index.php\/wp-json\/wp\/v2\/pages\/451\/revisions\/590"}],"wp:attachment":[{"href":"https:\/\/domainedesaguins.fr\/index.php\/wp-json\/wp\/v2\/media?parent=451"}],"curies":[{"name":"wp","href":"https:\/\/api.w.org\/{rel}","templated":true}]}}