{"id":421,"date":"2022-07-05T20:27:17","date_gmt":"2022-07-05T20:27:17","guid":{"rendered":"http:\/\/45.147.96.217\/?page_id=421"},"modified":"2022-09-11T19:55:58","modified_gmt":"2022-09-11T19:55:58","slug":"la-verriere","status":"publish","type":"page","link":"https:\/\/domainedesaguins.fr\/index.php\/la-verriere\/","title":{"rendered":"Villa &#8211; La Verri\u00e8re (9 &#8211; 11 personnes)"},"content":{"rendered":"\n<p>Cette maison de 150m2 dispose au rez-de-chauss\u00e9e d\u2019un s\u00e9jour cath\u00e9dral avec canap\u00e9 d\u2019angle convertible, une cuisine ouverte \u00e9quip\u00e9e : plaques chauffantes, r\u00e9frig\u00e9rateur, lave-vaisselle, meubles de rangement. Elle dispose d&rsquo;une capacit\u00e9 de 9 \u00e0 11 personnes.<\/p>\n\n\n\n<figure class=\"wp-block-gallery has-nested-images columns-default is-cropped wp-block-gallery-1 is-layout-flex wp-block-gallery-is-layout-flex\">\n<figure class=\"wp-block-image size-large\"><a href=\"http:\/\/45.147.96.217\/wp-content\/uploads\/2022\/07\/8-1-scaled.jpg\"><img loading=\"lazy\" decoding=\"async\" width=\"1024\" height=\"768\" data-id=\"430\" src=\"http:\/\/45.147.96.217\/wp-content\/uploads\/2022\/07\/8-1-1024x768.jpg\" alt=\"\" class=\"wp-image-430\" srcset=\"https:\/\/domainedesaguins.fr\/wp-content\/uploads\/2022\/07\/8-1-1024x768.jpg 1024w, https:\/\/domainedesaguins.fr\/wp-content\/uploads\/2022\/07\/8-1-300x225.jpg 300w, https:\/\/domainedesaguins.fr\/wp-content\/uploads\/2022\/07\/8-1-768x576.jpg 768w, https:\/\/domainedesaguins.fr\/wp-content\/uploads\/2022\/07\/8-1-1536x1152.jpg 1536w, https:\/\/domainedesaguins.fr\/wp-content\/uploads\/2022\/07\/8-1-2048x1536.jpg 2048w\" sizes=\"(max-width: 1024px) 100vw, 1024px\" \/><\/a><\/figure>\n\n\n\n<figure class=\"wp-block-image size-large\"><a href=\"http:\/\/45.147.96.217\/wp-content\/uploads\/2022\/07\/13-1.jpg\"><img loading=\"lazy\" decoding=\"async\" width=\"1024\" height=\"683\" data-id=\"436\" src=\"http:\/\/45.147.96.217\/wp-content\/uploads\/2022\/07\/13-1-1024x683.jpg\" alt=\"\" class=\"wp-image-436\" srcset=\"https:\/\/domainedesaguins.fr\/wp-content\/uploads\/2022\/07\/13-1-1024x683.jpg 1024w, https:\/\/domainedesaguins.fr\/wp-content\/uploads\/2022\/07\/13-1-300x200.jpg 300w, https:\/\/domainedesaguins.fr\/wp-content\/uploads\/2022\/07\/13-1-768x512.jpg 768w, https:\/\/domainedesaguins.fr\/wp-content\/uploads\/2022\/07\/13-1-1536x1024.jpg 1536w, https:\/\/domainedesaguins.fr\/wp-content\/uploads\/2022\/07\/13-1-2048x1365.jpg 2048w\" sizes=\"(max-width: 1024px) 100vw, 1024px\" \/><\/a><\/figure>\n\n\n\n<figure class=\"wp-block-image size-large\"><a href=\"http:\/\/45.147.96.217\/wp-content\/uploads\/2022\/07\/11-3-scaled.jpg\"><img loading=\"lazy\" decoding=\"async\" width=\"1024\" height=\"765\" data-id=\"433\" src=\"http:\/\/45.147.96.217\/wp-content\/uploads\/2022\/07\/11-3-1024x765.jpg\" alt=\"\" class=\"wp-image-433\" srcset=\"https:\/\/domainedesaguins.fr\/wp-content\/uploads\/2022\/07\/11-3-1024x765.jpg 1024w, https:\/\/domainedesaguins.fr\/wp-content\/uploads\/2022\/07\/11-3-300x224.jpg 300w, https:\/\/domainedesaguins.fr\/wp-content\/uploads\/2022\/07\/11-3-768x574.jpg 768w, https:\/\/domainedesaguins.fr\/wp-content\/uploads\/2022\/07\/11-3-1536x1147.jpg 1536w, https:\/\/domainedesaguins.fr\/wp-content\/uploads\/2022\/07\/11-3-2048x1530.jpg 2048w\" sizes=\"(max-width: 1024px) 100vw, 1024px\" \/><\/a><\/figure>\n\n\n\n<figure class=\"wp-block-image size-large is-style-default\" style=\"border-radius:0px\"><a href=\"http:\/\/45.147.96.217\/wp-content\/uploads\/2022\/07\/12b-scaled.jpg\"><img loading=\"lazy\" decoding=\"async\" width=\"765\" height=\"1024\" data-id=\"435\" src=\"http:\/\/45.147.96.217\/wp-content\/uploads\/2022\/07\/12b-765x1024.jpg\" alt=\"\" class=\"wp-image-435\" srcset=\"https:\/\/domainedesaguins.fr\/wp-content\/uploads\/2022\/07\/12b-765x1024.jpg 765w, https:\/\/domainedesaguins.fr\/wp-content\/uploads\/2022\/07\/12b-224x300.jpg 224w, https:\/\/domainedesaguins.fr\/wp-content\/uploads\/2022\/07\/12b-768x1028.jpg 768w, https:\/\/domainedesaguins.fr\/wp-content\/uploads\/2022\/07\/12b-1147x1536.jpg 1147w, https:\/\/domainedesaguins.fr\/wp-content\/uploads\/2022\/07\/12b-1530x2048.jpg 1530w, https:\/\/domainedesaguins.fr\/wp-content\/uploads\/2022\/07\/12b-scaled.jpg 1912w\" sizes=\"(max-width: 765px) 100vw, 765px\" \/><\/a><\/figure>\n\n\n\n<figure class=\"wp-block-image size-large\"><a href=\"http:\/\/45.147.96.217\/wp-content\/uploads\/2022\/07\/5-4-scaled.jpg\"><img loading=\"lazy\" decoding=\"async\" width=\"1024\" height=\"765\" data-id=\"427\" src=\"http:\/\/45.147.96.217\/wp-content\/uploads\/2022\/07\/5-4-1024x765.jpg\" alt=\"\" class=\"wp-image-427\" srcset=\"https:\/\/domainedesaguins.fr\/wp-content\/uploads\/2022\/07\/5-4-1024x765.jpg 1024w, https:\/\/domainedesaguins.fr\/wp-content\/uploads\/2022\/07\/5-4-300x224.jpg 300w, https:\/\/domainedesaguins.fr\/wp-content\/uploads\/2022\/07\/5-4-768x574.jpg 768w, https:\/\/domainedesaguins.fr\/wp-content\/uploads\/2022\/07\/5-4-1536x1147.jpg 1536w, https:\/\/domainedesaguins.fr\/wp-content\/uploads\/2022\/07\/5-4-2048x1530.jpg 2048w\" sizes=\"(max-width: 1024px) 100vw, 1024px\" \/><\/a><\/figure>\n\n\n\n<figure class=\"wp-block-image size-large\"><a href=\"http:\/\/45.147.96.217\/wp-content\/uploads\/2022\/07\/12-1-scaled.jpg\"><img loading=\"lazy\" decoding=\"async\" width=\"1024\" height=\"765\" data-id=\"434\" src=\"http:\/\/45.147.96.217\/wp-content\/uploads\/2022\/07\/12-1-1024x765.jpg\" alt=\"\" class=\"wp-image-434\" srcset=\"https:\/\/domainedesaguins.fr\/wp-content\/uploads\/2022\/07\/12-1-1024x765.jpg 1024w, https:\/\/domainedesaguins.fr\/wp-content\/uploads\/2022\/07\/12-1-300x224.jpg 300w, https:\/\/domainedesaguins.fr\/wp-content\/uploads\/2022\/07\/12-1-768x574.jpg 768w, https:\/\/domainedesaguins.fr\/wp-content\/uploads\/2022\/07\/12-1-1536x1147.jpg 1536w, https:\/\/domainedesaguins.fr\/wp-content\/uploads\/2022\/07\/12-1-2048x1530.jpg 2048w\" sizes=\"(max-width: 1024px) 100vw, 1024px\" \/><\/a><\/figure>\n\n\n\n<figure class=\"wp-block-image size-large\"><a href=\"http:\/\/45.147.96.217\/wp-content\/uploads\/2022\/07\/1-7-scaled.jpg\"><img loading=\"lazy\" decoding=\"async\" width=\"1024\" height=\"765\" data-id=\"422\" src=\"http:\/\/45.147.96.217\/wp-content\/uploads\/2022\/07\/1-7-1024x765.jpg\" alt=\"\" class=\"wp-image-422\" srcset=\"https:\/\/domainedesaguins.fr\/wp-content\/uploads\/2022\/07\/1-7-1024x765.jpg 1024w, https:\/\/domainedesaguins.fr\/wp-content\/uploads\/2022\/07\/1-7-300x224.jpg 300w, https:\/\/domainedesaguins.fr\/wp-content\/uploads\/2022\/07\/1-7-768x574.jpg 768w, https:\/\/domainedesaguins.fr\/wp-content\/uploads\/2022\/07\/1-7-1536x1147.jpg 1536w, https:\/\/domainedesaguins.fr\/wp-content\/uploads\/2022\/07\/1-7-2048x1530.jpg 2048w\" sizes=\"(max-width: 1024px) 100vw, 1024px\" \/><\/a><\/figure>\n<\/figure>\n\n\n\n<div style=\"height:44px\" aria-hidden=\"true\" class=\"wp-block-spacer\"><\/div>\n\n\n\n<div class=\"wp-block-buttons is-layout-flex wp-block-buttons-is-layout-flex\">\n<div class=\"wp-block-button aligncenter\"><a class=\"wp-block-button__link\" href=\"https:\/\/domainedesaguins.fr\/index.php\/sample-page\/\">Consulter les tarifs<\/a><\/div>\n<\/div>\n\n\n\n<div style=\"height:44px\" aria-hidden=\"true\" class=\"wp-block-spacer\"><\/div>\n\n\n\n<p><strong>Ensemble compos\u00e9 d&rsquo;une maison (5 couchages et un canap\u00e9-lit) et d&rsquo;un logement annexe (4 couchages)<\/strong><\/p>\n\n\n\n<p><strong>La maison de 150m\u00b2 dispose au rez-de-chauss\u00e9e :<\/strong><\/p>\n\n\n\n<ul><li>d\u2019une cuisine ouverte \u00e9quip\u00e9e (\u00eelot, plaques chauffantes, four, r\u00e9frig\u00e9rateur, lave-vaisselle, micro-ondes,\u2026) et d&rsquo;une salle \u00e0 manger,<\/li><li>d\u2019une chambre avec 3 lits simple 90&#215;190<\/li><li>un canap\u00e9 lit 140&#215;190,<\/li><li>un bureau<\/li><li>d\u2019une salle de bain avec douche,<\/li><li>un WC s\u00e9par\u00e9<\/li><li>d&rsquo;une remise \u00e9quip\u00e9e d&rsquo;un lave linge et d&rsquo;un s\u00e8che linge.<\/li><\/ul>\n\n\n\n<p><strong>A l\u2019\u00e9tage<\/strong>, se trouvent :<\/p>\n\n\n\n<ul><li>une chambre avec lit double 180&#215;200,<\/li><li>une salle de bain avec baignoire,<\/li><li>un WC s\u00e9par\u00e9<\/li><\/ul>\n\n\n\n<p><strong>Le logement annexe de 30m\u00b2<\/strong>, situ\u00e9 \u00e0 moins de 10 metres de la maison, dispose:<\/p>\n\n\n\n<ul><li>une chambre avec un lit double 160&#215;200<\/li><li>une chambre avec deux lits 90&#215;190<\/li><li>d&rsquo;une salle de bain avec douche italienne<\/li><li>un WC s\u00e9par\u00e9<\/li><\/ul>\n\n\n\n<p>Les villas donnent d\u2019un c\u00f4t\u00e9 sur un&nbsp;<strong>patio fleuri<\/strong>&nbsp;et de l\u2019autre sur une&nbsp;<strong>terrasse privative avec acc\u00e8s direct \u00e0 la piscine<\/strong>.<\/p>\n\n\n\n<p>L&rsquo;ensemble des logements du domaine des Aguins dispose d&rsquo;une couverture WIFI.<\/p>\n","protected":false},"excerpt":{"rendered":"<p>Cette maison de 150m2 dispose au rez-de-chauss\u00e9e d\u2019un s\u00e9jour cath\u00e9dral avec canap\u00e9 d\u2019angle convertible, une cuisine ouverte \u00e9quip\u00e9e : plaques chauffantes, r\u00e9frig\u00e9rateur, lave-vaisselle, meubles de rangement. Elle dispose d&rsquo;une capacit\u00e9 de 9 \u00e0 11 personnes. Ensemble compos\u00e9 d&rsquo;une maison (5 couchages et un canap\u00e9-lit) et d&rsquo;un logement annexe (4 couchages) La maison de 150m\u00b2 dispose &hellip;<\/p>\n<p class=\"read-more\"> <a class=\"\" href=\"https:\/\/domainedesaguins.fr\/index.php\/la-verriere\/\"> <span class=\"screen-reader-text\">Villa &#8211; La Verri\u00e8re (9 &#8211; 11 personnes)<\/span> Lire la suite\u00a0\u00bb<\/a><\/p>\n","protected":false},"author":1,"featured_media":0,"parent":0,"menu_order":0,"comment_status":"closed","ping_status":"closed","template":"","meta":{"site-sidebar-layout":"default","site-content-layout":"default","ast-global-header-display":"","ast-main-header-display":"","ast-hfb-above-header-display":"","ast-hfb-below-header-display":"","ast-hfb-mobile-header-display":"","site-post-title":"","ast-breadcrumbs-content":"","ast-featured-img":"","footer-sml-layout":"","theme-transparent-header-meta":"","adv-header-id-meta":"","stick-header-meta":"","header-above-stick-meta":"","header-main-stick-meta":"","header-below-stick-meta":"","footnotes":""},"uagb_featured_image_src":{"full":false,"thumbnail":false,"medium":false,"medium_large":false,"large":false,"1536x1536":false,"2048x2048":false},"uagb_author_info":{"display_name":"adm_wp_LesAguins","author_link":"https:\/\/domainedesaguins.fr\/index.php\/author\/adm_wp_lesaguins\/"},"uagb_comment_info":0,"uagb_excerpt":"Cette maison de 150m2 dispose au rez-de-chauss\u00e9e d\u2019un s\u00e9jour cath\u00e9dral avec canap\u00e9 d\u2019angle convertible, une cuisine ouverte \u00e9quip\u00e9e : plaques chauffantes, r\u00e9frig\u00e9rateur, lave-vaisselle, meubles de rangement. Elle dispose d&rsquo;une capacit\u00e9 de 9 \u00e0 11 personnes. Ensemble compos\u00e9 d&rsquo;une maison (5 couchages et un canap\u00e9-lit) et d&rsquo;un logement annexe (4 couchages) La maison de 150m\u00b2 dispose\u2026","_links":{"self":[{"href":"https:\/\/domainedesaguins.fr\/index.php\/wp-json\/wp\/v2\/pages\/421"}],"collection":[{"href":"https:\/\/domainedesaguins.fr\/index.php\/wp-json\/wp\/v2\/pages"}],"about":[{"href":"https:\/\/domainedesaguins.fr\/index.php\/wp-json\/wp\/v2\/types\/page"}],"author":[{"embeddable":true,"href":"https:\/\/domainedesaguins.fr\/index.php\/wp-json\/wp\/v2\/users\/1"}],"replies":[{"embeddable":true,"href":"https:\/\/domainedesaguins.fr\/index.php\/wp-json\/wp\/v2\/comments?post=421"}],"version-history":[{"count":10,"href":"https:\/\/domainedesaguins.fr\/index.php\/wp-json\/wp\/v2\/pages\/421\/revisions"}],"predecessor-version":[{"id":610,"href":"https:\/\/domainedesaguins.fr\/index.php\/wp-json\/wp\/v2\/pages\/421\/revisions\/610"}],"wp:attachment":[{"href":"https:\/\/domainedesaguins.fr\/index.php\/wp-json\/wp\/v2\/media?parent=421"}],"curies":[{"name":"wp","href":"https:\/\/api.w.org\/{rel}","templated":true}]}}