{"id":379,"date":"2022-07-05T15:44:28","date_gmt":"2022-07-05T15:44:28","guid":{"rendered":"http:\/\/45.147.96.217\/?page_id=379"},"modified":"2022-07-09T10:17:00","modified_gmt":"2022-07-09T10:17:00","slug":"le-domaine-et-ses-environs","status":"publish","type":"page","link":"https:\/\/domainedesaguins.fr\/index.php\/le-domaine-et-ses-environs\/","title":{"rendered":"Le domaine et ses environs"},"content":{"rendered":"\n<h4 class=\"has-vivid-green-cyan-color has-text-color wp-block-heading\">D\u00e9couverte des plages de la c\u00f4te de Beaut\u00e9<\/h4>\n\n\n\n<div class=\"wp-block-media-text alignwide is-stacked-on-mobile\"><figure class=\"wp-block-media-text__media\"><img loading=\"lazy\" decoding=\"async\" width=\"1024\" height=\"768\" src=\"http:\/\/45.147.96.217\/wp-content\/uploads\/2022\/07\/Page-accueil-1024x768.jpg\" alt=\"\" class=\"wp-image-383 size-full\" srcset=\"https:\/\/domainedesaguins.fr\/wp-content\/uploads\/2022\/07\/Page-accueil-1024x768.jpg 1024w, https:\/\/domainedesaguins.fr\/wp-content\/uploads\/2022\/07\/Page-accueil-300x225.jpg 300w, https:\/\/domainedesaguins.fr\/wp-content\/uploads\/2022\/07\/Page-accueil-768x576.jpg 768w, https:\/\/domainedesaguins.fr\/wp-content\/uploads\/2022\/07\/Page-accueil-1536x1152.jpg 1536w, https:\/\/domainedesaguins.fr\/wp-content\/uploads\/2022\/07\/Page-accueil-2048x1536.jpg 2048w\" sizes=\"(max-width: 1024px) 100vw, 1024px\" \/><\/figure><div class=\"wp-block-media-text__content\">\n<p>Le Domaine est situ\u00e9 \u00e0 10 km des plages de Royan, la ville baln\u00e9aire compl\u00e8tement reconstruite dans les ann\u00e9es cinquante.<br><br>En Charente-Maritime, les plaisirs baln\u00e9aires flirtent souvent avec une histoire encore plus ancienne, celle du temps o\u00f9 le Tout-Paris suivait Emile Zola et se passionnait pour la C\u00f4te de Beaut\u00e9 et o\u00f9 la Bourgeoisie bordelaise prenait le vapeur pour venir \u00ab&nbsp;aux eaux&nbsp;\u00bb. Aussi, tout au long de la c\u00f4te, de belles demeures des ann\u00e9es 1800 \u00e9gaient la baignade de leurs clochetons, terrasses et arc boutures de bois peints sous leur toit d\u2019ardoise fine. A Saint-Palais, Royan, Saint-Georges ou Vaux sur mer,&nbsp; de larges avenues verdoyantes qui longent le front de mer et que l\u2019on aime parcourir en d\u00e9gustant une glace, sont encore pleines du charme de ce pass\u00e9 prestigieux.<\/p>\n\n\n\n<p><\/p>\n\n\n\n<p><\/p>\n<\/div><\/div>\n\n\n\n<p>En Pays Royannais, les plages de sable fin rythment les 70 km de rivage. Chacune a son style: secr\u00e8te sauvage, urbaine ou&nbsp;bord\u00e9e d&rsquo;une for\u00eat de pins.&nbsp;On y passe de longues journ\u00e9es de d\u00e9tente et l&rsquo;on y&nbsp;go\u00fbte les plaisirs de l&rsquo;oc\u00e9an.<\/p>\n\n\n\n<div class=\"wp-block-columns is-layout-flex wp-container-core-columns-is-layout-1 wp-block-columns-is-layout-flex\">\n<div class=\"wp-block-column has-black-color has-ast-global-color-8-background-color has-text-color has-background is-layout-flow wp-block-column-is-layout-flow\" style=\"padding-top:20px;padding-right:20px;padding-bottom:20px;padding-left:20px\">\n<h4 class=\"has-text-align-center has-vivid-green-cyan-color has-text-color wp-block-heading\"><strong>Les familiales<\/strong><\/h4>\n\n\n\n<p>De St-Palais-sur-Mer \u00e0 Meschers-sur-Gironde, les conches arrondies et les petites criques&nbsp; s&rsquo;\u00e9chelonnent le long de la c\u00f4te rocheuse.&nbsp;Ces plages familiales s&rsquo;adossent aux fronts de mer des stations baln\u00e9aires. On peut y passer la journ\u00e9e ou prendre un bain de mer entre deux activit\u00e9s. S\u00e9curis\u00e9es et surveill\u00e9es, elles accueillent des clubs de plage et des animations sportives<\/p>\n<\/div>\n\n\n\n<div class=\"wp-block-column has-ast-global-color-8-background-color has-background is-layout-flow wp-block-column-is-layout-flow\" style=\"padding-top:20px;padding-right:20px;padding-bottom:20px;padding-left:20px\">\n<h4 class=\"has-text-align-center has-vivid-green-cyan-color has-text-color wp-block-heading\"><strong><strong>La c\u00f4te Sauvage<\/strong><\/strong><\/h4>\n\n\n\n<p>Bord\u00e9es par l&rsquo;immense for\u00eat de La Coubre, les plages de la C\u00f4te Sauvage sont de longues plages dunaires, expos\u00e9es aux vagues de l&rsquo;Atlantique. Certaines d&rsquo;entre elles vous permettent de bronzer en toute libert\u00e9 dans la tenue que vous pr\u00e9f\u00e9rez, avec ou sans maillot de bain. La baignade n&rsquo;est autoris\u00e9e que sur les zones surveill\u00e9es en raison des rouleaux, des forts courants et des risques de ba\u00efnes. Nous vous recommandons la&nbsp;prudence.<\/p>\n<\/div>\n\n\n\n<div class=\"wp-block-column has-ast-global-color-8-background-color has-background is-layout-flow wp-block-column-is-layout-flow\" style=\"padding-top:20px;padding-right:20px;padding-bottom:20px;padding-left:20px\">\n<h4 class=\"has-text-align-center has-vivid-green-cyan-color has-text-color wp-block-heading\"><strong><strong>Les bois\u00e9es<\/strong><\/strong><\/h4>\n\n\n\n<p>Prot\u00e9g\u00e9es par l&rsquo;\u00eele d&rsquo;Ol\u00e9ron, les plages du Galon d&rsquo;Or, de l&rsquo;Embellie et&nbsp;de la C\u00e8pe situ\u00e9es \u00e0 La Tremblade Ronce-les-Bains s&rsquo;arrondissent entre la mer et la for\u00eat. Leurs eaux calmes en font des lieux de rendez-vous familiaux.<\/p>\n<\/div>\n<\/div>\n\n\n\n<div style=\"height:68px\" aria-hidden=\"true\" class=\"wp-block-spacer\"><\/div>\n\n\n\n<h4 class=\"has-vivid-green-cyan-color has-text-color wp-block-heading\">D\u00e9couverte pittoresque<\/h4>\n\n\n\n<p>Le Domaine des Aguins se situe \u00e0 proximit\u00e9 de la Seudre, point de rencontre des eaux douces et sal\u00e9es dans lesquelles se pratique encore la p\u00eache traditionnelle au carrelet, vaste filet suspendu au-dessus des eaux, hiss\u00e9 \u00e0 main d\u2019homme \u00e0 partir de charmantes cabanes de p\u00eache. &nbsp;<\/p>\n\n\n\n<div class=\"wp-block-columns is-layout-flex wp-container-core-columns-is-layout-2 wp-block-columns-is-layout-flex\">\n<div class=\"wp-block-column is-layout-flow wp-block-column-is-layout-flow\" style=\"flex-basis:66.66%\">\n<p>A partir du Domaine, prenez la direction de L\u2019Eguille et juste avant le village, tournez \u00e0&nbsp; droite dans les marais pour suivre le sentier qui, longeant la Seudre, vous permettra de d\u00e9couvrir la faune des marais salants et vous conduira en douceur jusqu\u2019au petit port de p\u00eache de Rib\u00e9rou.<br><br>dor\u00e9es&nbsp; de la r\u00e9gion et vous pourrez faire le tour des \u00ab&nbsp;Flottes&nbsp;\u00bb ou de la \u00ab&nbsp;Pointe&nbsp;\u00bb. En poussant jusqu\u2019\u00e0 La Pointe de la Graupe, vous pourrez admirer les menhirs et les dolmens qui t\u00e9moignent encore de la pr\u00e9sence de l\u2019homme dans la r\u00e9gion d\u00e8s la p\u00e9riode pr\u00e9historique. Apr\u00e8s quoi, un petit arr\u00eat&nbsp; de d\u00e9tente sur le port, tout en prenant le soleil, sera le bienvenu. En p\u00e9riode estivale, les mardis et vendredis \u00e0 10h, le syndicat d\u2019initiative vous fera d\u00e9couvrir&nbsp; gracieusement le village ostr\u00e9icole et vous expliquera tout sur la culture des hu\u00eetres.<\/p>\n<\/div>\n\n\n\n<div class=\"wp-block-column is-layout-flow wp-block-column-is-layout-flow\" style=\"flex-basis:40%\">\n<figure class=\"wp-block-image size-large\"><img loading=\"lazy\" decoding=\"async\" width=\"1024\" height=\"683\" src=\"http:\/\/45.147.96.217\/wp-content\/uploads\/2022\/07\/Les-environs-7-1024x683.jpg\" alt=\"\" class=\"wp-image-387\" srcset=\"https:\/\/domainedesaguins.fr\/wp-content\/uploads\/2022\/07\/Les-environs-7-1024x683.jpg 1024w, https:\/\/domainedesaguins.fr\/wp-content\/uploads\/2022\/07\/Les-environs-7-300x200.jpg 300w, https:\/\/domainedesaguins.fr\/wp-content\/uploads\/2022\/07\/Les-environs-7-768x512.jpg 768w, https:\/\/domainedesaguins.fr\/wp-content\/uploads\/2022\/07\/Les-environs-7-1536x1024.jpg 1536w, https:\/\/domainedesaguins.fr\/wp-content\/uploads\/2022\/07\/Les-environs-7-2048x1365.jpg 2048w\" sizes=\"(max-width: 1024px) 100vw, 1024px\" \/><\/figure>\n<\/div>\n<\/div>\n\n\n\n<div style=\"height:68px\" aria-hidden=\"true\" class=\"wp-block-spacer\"><\/div>\n\n\n\n<h4 class=\"has-vivid-green-cyan-color has-text-color wp-block-heading\">D\u00e9couverte pittoresque<\/h4>\n\n\n\n<div class=\"wp-block-columns is-layout-flex wp-container-core-columns-is-layout-3 wp-block-columns-is-layout-flex\">\n<div class=\"wp-block-column is-layout-flow wp-block-column-is-layout-flow\">\n<p><strong>La balade des Taill\u00e9es pi\u00e9tonnes \u00e0 Mornac-sur-Seudre<\/strong><br>Du 15 juin au 15 septembre, 2 fois par semaine.<br>T.: 05 46 22 61 68<\/p>\n\n\n\n<p><strong>Sortie d\u00e9couverte du marais ostr\u00e9icole<\/strong><br>A pied ou \u00e0&nbsp;v\u00e9lo organis\u00e9es par le Mus\u00e9e Maritime de la Tremblade en juillet et en ao\u00fbt&nbsp;<br>T.: 05 46 36 37 71<\/p>\n\n\n\n<p><strong>Sortie d\u00e9couverte d&rsquo;un village ostr\u00e9icole<\/strong>&nbsp;\u00e0&nbsp;v\u00e9lo \u00e0 l&rsquo;Eguille-sur-Seudre en juillet et en ao\u00fbt.<br>T.: 05 46 22 84 70<\/p>\n<\/div>\n\n\n\n<div class=\"wp-block-column is-layout-flow wp-block-column-is-layout-flow\">\n<p><strong>Sortie d\u00e9couverte de la Seudre ou p\u00eache aux \u00e9crevisses<\/strong><br>Organis\u00e9es en saison \u00e0 Saujon<br>T.: 05 46 02 83 77<\/p>\n\n\n\n<p><strong>Visite des marais salants de Mornac-sur-Seudre<\/strong><br>M. Guilliorit&nbsp;<br>T.: 05 46 22 74 53<br>Port. : 06 80 13 80 11<\/p>\n<\/div>\n<\/div>\n\n\n\n<div style=\"height:68px\" aria-hidden=\"true\" class=\"wp-block-spacer\"><\/div>\n\n\n\n<h4 class=\"has-vivid-green-cyan-color has-text-color wp-block-heading\">Visites d\u00e9couvertes<\/h4>\n\n\n\n<div class=\"wp-block-columns is-layout-flex wp-container-core-columns-is-layout-4 wp-block-columns-is-layout-flex\">\n<div class=\"wp-block-column is-layout-flow wp-block-column-is-layout-flow\">\n<p><strong><strong>Les cabanes ostr\u00e9icoles&nbsp;:<\/strong><\/strong>&nbsp;\u00e0 d\u00e9couvrir dans tous les villages le long de la Seudre<\/p>\n<\/div>\n\n\n\n<div class=\"wp-block-column is-layout-flow wp-block-column-is-layout-flow\">\n<p><strong><strong>Les grottes troglodytiques&nbsp;:<\/strong>&nbsp;<\/strong>\u00e0 Meschers sur Gironde<\/p>\n<\/div>\n<\/div>\n\n\n\n<div style=\"height:68px\" aria-hidden=\"true\" class=\"wp-block-spacer\"><\/div>\n\n\n\n<h4 class=\"has-vivid-green-cyan-color has-text-color wp-block-heading\">D\u00e9couverte sportive<\/h4>\n\n\n\n<div class=\"wp-block-columns is-layout-flex wp-container-core-columns-is-layout-5 wp-block-columns-is-layout-flex\">\n<div class=\"wp-block-column is-layout-flow wp-block-column-is-layout-flow\">\n<p><strong><strong>Le Golf de Royan<\/strong>&nbsp;(15km)<br><\/strong>En pleine for\u00eat, le Golf de Royan Maine Gaudin d\u00e9roule ses parcours du haut des dunes aux creux des combes. Il en r\u00e9sulte quelques difficult\u00e9s qui ne sont pas sans d\u00e9plaire aux puristes. Joueurs d\u00e9butants ou chevronn\u00e9s peuvent parcourir d\u2019un bon pas les 18 trous du parcours ou les 9 trous du compact.&nbsp;<br>Pour travailler en finesse, le club propose un practice, un putting green et un green approche.&nbsp;Le Golf de Royan est ouvert toute l\u2019ann\u00e9e.<\/p>\n\n\n\n<p><strong><strong>L\u2019aire de la Lande<\/strong>&nbsp;(2 km)<\/strong><br>2 lacs p\u00eache et navigation &#8211; 1 piscine d\u00e9couvrable avec un toboggan &nbsp;&nbsp;et un bassin ext\u00e9rieur (nocturne en saison) &#8211; Des chemins pi\u00e9tonniers et VTT le long &nbsp;&nbsp;de la Seudre et un parcours sant\u00e9 autour &nbsp;&nbsp;des lacs &#8211; Des circuits \u00e9questres &#8211; Des terrains de boules &#8211; tennis couvert<\/p>\n\n\n\n<p><strong><strong>Equitation<\/strong><\/strong><br>Les sentiers du Pays Royannais se pr\u00eatent aux balades \u00e9questres, notamment en for\u00eat ou sur la plage de la Grande C\u00f4te. Les rivages sereins de la ligne de c\u00f4te et les ombrages des sous-bois inspirent le trot de la monture et&nbsp;le sable des plages oc\u00e9anes se pr\u00eate au galop. Circuits balis\u00e9s, petites randonn\u00e9es, balades \u00e0 th\u00e8mes sont propos\u00e9s par les clubs \u00e9questres.<br>Une journ\u00e9e aux courses&nbsp;: \u00e0 la fin du 19\u00e8me si\u00e8cle, les courses hippiques avaient lieu sur la Grande Plage de Royan. Elles se d\u00e9roulent aujourd&rsquo;hui \u00e0 l&rsquo;Hippodrome de Royan &#8211; La Palmyre, au centre d&rsquo;un cadre de verdure exceptionnel. La Soci\u00e9t\u00e9s des Courses organisent une quinzaine de r\u00e9unions par an de mars \u00e0 septembre. Vous pouvez parier, suivre les courses, d\u00e9jeuner sur place.&nbsp;<\/p>\n\n\n\n<p><strong>Accrobranche<\/strong><br>Pour passer un bon moment entre amis, d\u00e9passer ces limites, rien de tel qu&rsquo;une journ\u00e9e au dessus du vide pour faire le plein d&rsquo;oxyg\u00e8ne. Plusieurs sites sont disponibles \u00e0 quelques kilom\u00e8tre du domaine (La Palmyre, Saint Georges de Didonne).<\/p>\n<\/div>\n\n\n\n<div class=\"wp-block-column is-layout-flow wp-block-column-is-layout-flow\">\n<p><strong><strong>Sports Nautique sur le sable<\/strong><\/strong><br>Du cerf-volant, char \u00e0 voile, char \u00e0 cerf-volant, speed-sail. Dans les vagues : du surf, body-board, wave-ski, kite-surf\u2026 Sur la mer : du catamaran, planche \u00e0 voile, d\u00e9riveur, croisi\u00e8re, kayak,&nbsp;\u2026 C\u2019est aussi : des points de d\u00e9part de randonn\u00e9es nautiques sur les&nbsp;estuaires de la Seudre et de la Gironde, le Bassin de Marennes-Ol\u00e9ron, les pertuis charentais et les \u00eeles.<\/p>\n\n\n\n<p><strong><strong>Bapt\u00eame de l\u2019air<\/strong><\/strong><br>En ULM ou h\u00e9licopt\u00e8re, vous pourrez d\u00e9couvrir les charmes du pays Royannais vue du ciel. Toute l\u2019ann\u00e9e, la base de Corme Ecluse, de Breuillet et l\u2019Aerodrome de Royan Medis, vous proposent, bapt\u00eames de l\u2019air, vols touristiques, vols d\u2019Initiations (en double commande), \u00e9cole de Pilotage, vols Photo-Vid\u00e9o&#8230;<\/p>\n\n\n\n<p><strong><strong><strong>Parachutisme&nbsp;<\/strong>(5km)<\/strong><\/strong><br>Le parachutisme est \u00e0 la port\u00e9e de tout amateur de grand air. Envolez-vous \u00e0 plus de 4000 m\u00e8tres d&rsquo;altitude pour d\u00e9couvrir les joies du parachutisme sur l&rsquo;un des plus beaux sites d&rsquo;Europe. Situ\u00e9 en bord de mer, l\u2019Aerodrome Royan M\u00e9dis est ouvert de mars \u00e0 fin novembre.<\/p>\n\n\n\n<p><strong><strong><strong><strong>De la P\u00eache \u00e0 pied \u00e0 la p\u00eache sportive<\/strong><\/strong><\/strong><\/strong><br>Oc\u00e9an, rivi\u00e8re, estuaire, marais doux ou encore plan d&rsquo;eau : en Pays Royannais, les amateurs de p\u00eache auront de quoi faire.<br>Les jours de grandes mar\u00e9es, l&rsquo;estran (partie du littoral que la mer couvre et d\u00e9couvre)&nbsp;s\u2019offre \u00e0 vous pour une partie de p\u00eache \u00e0 pied qui vous permettra de d\u00e9couvrir le milieu maritime au plus pr\u00e8s et d\u00e9guster, le jour m\u00eame, crevettes, crabes, coquillages, anguilles&#8230;<\/p>\n<\/div>\n<\/div>\n\n\n\n<div style=\"height:68px\" aria-hidden=\"true\" class=\"wp-block-spacer\"><\/div>\n\n\n\n<h4 class=\"has-vivid-green-cyan-color has-text-color wp-block-heading\">Autres d\u00e9couvertes<\/h4>\n\n\n\n<div class=\"wp-block-columns is-layout-flex wp-container-core-columns-is-layout-6 wp-block-columns-is-layout-flex\">\n<div class=\"wp-block-column is-layout-flow wp-block-column-is-layout-flow\">\n<p><strong>Thermalisme&nbsp;<\/strong><br>Le thermatlisme a \u00e9t\u00e9 introduit en 1860 \u00e0 Saujon. Il n\u2019a, depuis cette date, cess\u00e9 de se d\u00e9velopper. Muni de tous les agencements physioth\u00e9rapiques modernes, l\u2019Etablissement offre aux curistes les meilleures conditions d\u2019accueil, de confort et de soins. Ils sont invit\u00e9s \u00e0 participer \u00e0 des activit\u00e9s culturelles, ludiques ou sportives propos\u00e9es dans la station (visites historiques de la ville, animations et spectacles divers, piscine, m\u00e9diath\u00e8que,\u2026)<\/p>\n<\/div>\n\n\n\n<div class=\"wp-block-column is-layout-flow wp-block-column-is-layout-flow\">\n<p><strong>Thalassoth\u00e9rapie<\/strong><br>A Royan, la thalasso propose un grand bassin d&rsquo;eau de mer de 140 m2 qui donne sur l&rsquo;oc\u00e9an. Jacuzzi, geyser, cols de cygne, jets hydromassants et lits bouillonnants ponctuent le parcours aquatique. Hors du bassin, sauna, hammam et vaporium sont aussi en libre acc\u00e8s, comme les s\u00e9ances de gym, step, stretching, musculation, cardio-training, men\u00e9es par un \u00e9ducateur sportif agr\u00e9\u00e9.<\/p>\n<\/div>\n<\/div>\n\n\n\n<p><strong>Casinos<\/strong><br>Si la passion du jeu vous anime, vous trouverez en Charente-Maritime six \u00e9tablissements qui sauront la combler. Le casino de La Rochelle, pr\u00e8s du Vieux Port, de style Belle Epoque; celui de Ch\u00e2telaillon, face \u00e0 la mer; celui de Fouras, face au Fort Boyard; celui de Royan, des ann\u00e9es trente et construit sur pilotis; celui de Jonzac, situ\u00e9 dans les terres, au c\u0153ur du Pays de la Haute-Saintonge; et enfin celui de La Tremblade, \u00e0 deux pas de la For\u00eat de la Coubre.<\/p>\n\n\n\n<div style=\"height:68px\" aria-hidden=\"true\" class=\"wp-block-spacer\"><\/div>\n\n\n\n<h4 class=\"has-vivid-green-cyan-color has-text-color wp-block-heading\">Syndicats d\u2019initiative<\/h4>\n\n\n\n<p>Programme des animations, expositions et circuits&nbsp;:<\/p>\n\n\n\n<ul><li><strong>Syndicat d\u2019initiative de L\u2019Eguille&nbsp;sur Seudre :<\/strong>&nbsp; 1, rue du port 17600 L\u2019Eguille.<br>05-46-22-84-70<br><br><\/li><li><strong>Syndicat de Saujon- Val de Seudre&nbsp;:<\/strong> 22, place du G\u00e9n\u00e9ral de Gaulle Saujon, 17600&nbsp;<br>05-46-02-83-77<br><br><\/li><li><strong>Syndicat de Royan&nbsp;: <\/strong>Rond-Point de la Poste B.P. 138&nbsp;&nbsp; Royan cedex- 17208<br>05-46-05-04-71<br><br><\/li><li><strong>Syndicat de Saint-Georges de Didonne&nbsp;: <\/strong>136 bd C\u00f4te de Beaut\u00e9 B.P. 45 17110 Saint- Georges&nbsp;<br>05-46-05-09-73<\/li><\/ul>\n","protected":false},"excerpt":{"rendered":"<p>D\u00e9couverte des plages de la c\u00f4te de Beaut\u00e9 Le Domaine est situ\u00e9 \u00e0 10 km des plages de Royan, la ville baln\u00e9aire compl\u00e8tement reconstruite dans les ann\u00e9es cinquante. En Charente-Maritime, les plaisirs baln\u00e9aires flirtent souvent avec une histoire encore plus ancienne, celle du temps o\u00f9 le Tout-Paris suivait Emile Zola et se passionnait pour la &hellip;<\/p>\n<p class=\"read-more\"> <a class=\"\" href=\"https:\/\/domainedesaguins.fr\/index.php\/le-domaine-et-ses-environs\/\"> <span class=\"screen-reader-text\">Le domaine et ses environs<\/span> Lire la suite\u00a0\u00bb<\/a><\/p>\n","protected":false},"author":1,"featured_media":0,"parent":0,"menu_order":0,"comment_status":"closed","ping_status":"closed","template":"","meta":{"site-sidebar-layout":"default","site-content-layout":"default","ast-global-header-display":"","ast-main-header-display":"","ast-hfb-above-header-display":"","ast-hfb-below-header-display":"","ast-hfb-mobile-header-display":"","site-post-title":"","ast-breadcrumbs-content":"","ast-featured-img":"","footer-sml-layout":"","theme-transparent-header-meta":"","adv-header-id-meta":"","stick-header-meta":"","header-above-stick-meta":"","header-main-stick-meta":"","header-below-stick-meta":"","footnotes":""},"uagb_featured_image_src":{"full":false,"thumbnail":false,"medium":false,"medium_large":false,"large":false,"1536x1536":false,"2048x2048":false},"uagb_author_info":{"display_name":"adm_wp_LesAguins","author_link":"https:\/\/domainedesaguins.fr\/index.php\/author\/adm_wp_lesaguins\/"},"uagb_comment_info":0,"uagb_excerpt":"D\u00e9couverte des plages de la c\u00f4te de Beaut\u00e9 Le Domaine est situ\u00e9 \u00e0 10 km des plages de Royan, la ville baln\u00e9aire compl\u00e8tement reconstruite dans les ann\u00e9es cinquante. En Charente-Maritime, les plaisirs baln\u00e9aires flirtent souvent avec une histoire encore plus ancienne, celle du temps o\u00f9 le Tout-Paris suivait Emile Zola et se passionnait pour la\u2026","_links":{"self":[{"href":"https:\/\/domainedesaguins.fr\/index.php\/wp-json\/wp\/v2\/pages\/379"}],"collection":[{"href":"https:\/\/domainedesaguins.fr\/index.php\/wp-json\/wp\/v2\/pages"}],"about":[{"href":"https:\/\/domainedesaguins.fr\/index.php\/wp-json\/wp\/v2\/types\/page"}],"author":[{"embeddable":true,"href":"https:\/\/domainedesaguins.fr\/index.php\/wp-json\/wp\/v2\/users\/1"}],"replies":[{"embeddable":true,"href":"https:\/\/domainedesaguins.fr\/index.php\/wp-json\/wp\/v2\/comments?post=379"}],"version-history":[{"count":12,"href":"https:\/\/domainedesaguins.fr\/index.php\/wp-json\/wp\/v2\/pages\/379\/revisions"}],"predecessor-version":[{"id":537,"href":"https:\/\/domainedesaguins.fr\/index.php\/wp-json\/wp\/v2\/pages\/379\/revisions\/537"}],"wp:attachment":[{"href":"https:\/\/domainedesaguins.fr\/index.php\/wp-json\/wp\/v2\/media?parent=379"}],"curies":[{"name":"wp","href":"https:\/\/api.w.org\/{rel}","templated":true}]}}