{"id":347,"date":"2022-07-04T17:40:06","date_gmt":"2022-07-04T17:40:06","guid":{"rendered":"http:\/\/45.147.96.217\/?page_id=347"},"modified":"2022-08-05T09:49:31","modified_gmt":"2022-08-05T09:49:31","slug":"letrille-4-personnes-t3-46m2","status":"publish","type":"page","link":"https:\/\/domainedesaguins.fr\/index.php\/letrille-4-personnes-t3-46m2\/","title":{"rendered":"L&rsquo;Etrille (4 personnes &#8211; T3 46m2)"},"content":{"rendered":"\n<p>     A l&rsquo;\u00e9tage, le logement est compos\u00e9 d&rsquo;un s\u00e9jour-coin repas comprenant une cuisine \u00e9quip\u00e9e&nbsp; avec plaques chauffantes, r\u00e9frig\u00e9rateur, lave-vaisselle, meubles de rangement, table, chaises et un canap\u00e9. Il dispose \u00e9galement de deux chambres, l\u2019une avec un lit de deux personnes et une commode, l\u2019autre avec un lit superpos\u00e9 et une commode. La salle d\u2019eau comprend douche, lavabo et toilettes.<br><br>     Une machine \u00e0 laver le linge commune est mise \u00e0 disposition pour les habitations de la Charentaise. L&rsquo;ensemble des logements du domaine des Aguins dispose d&rsquo;une couverture WIFI.<\/p>\n\n\n<style type=\"text\/css\">\r\n\t#foogallery-gallery-321 .fg-image {\r\n        width: 150px;\r\n    }\r\n<\/style>\r\n\t\t\t\t<div class=\"foogallery foogallery-container foogallery-default foogallery-lightbox-foobox fg-gutter-10 fg-center fg-default fg-light fg-border-thin fg-round-small fg-shadow-outline fg-loading-default fg-loaded-fade-in fg-caption-hover fg-hover-fade fg-hover-zoom fg-ready\" id=\"foogallery-gallery-321\" data-foogallery=\"{&quot;item&quot;:{&quot;showCaptionTitle&quot;:true,&quot;showCaptionDescription&quot;:true},&quot;lazy&quot;:true,&quot;paging&quot;:{&quot;type&quot;:&quot;dots&quot;,&quot;theme&quot;:&quot;fg-light&quot;,&quot;size&quot;:4,&quot;position&quot;:&quot;bottom&quot;,&quot;scrollToTop&quot;:false,&quot;output&quot;:&quot;&quot;}}\" >\r\n\t<div class=\"fg-item fg-type-image fg-idle\"><figure class=\"fg-item-inner\"><a href=\"https:\/\/domainedesaguins.fr\/wp-content\/uploads\/2022\/07\/Etrille_Salon-scaled.jpg\" data-attachment-id=\"681\" class=\"fg-thumb\"><span class=\"fg-image-wrap\"><img decoding=\"async\" width=\"150\" height=\"150\" class=\"skip-lazy fg-image\" data-src-fg=\"https:\/\/domainedesaguins.fr\/wp-content\/uploads\/cache\/2022\/07\/Etrille_Salon-scaled\/7347571.jpg\" src=\"data:image\/svg+xml,%3Csvg%20xmlns%3D%22http%3A%2F%2Fwww.w3.org%2F2000%2Fsvg%22%20width%3D%22150%22%20height%3D%22150%22%20viewBox%3D%220%200%20150%20150%22%3E%3C%2Fsvg%3E\" loading=\"eager\"><\/span><span class=\"fg-image-overlay\"><\/span><\/a><figcaption class=\"fg-caption\"><div class=\"fg-caption-inner\"><\/div><\/figcaption><\/figure><div class=\"fg-loader\"><\/div><\/div><div class=\"fg-item fg-type-image fg-idle\"><figure class=\"fg-item-inner\"><a href=\"https:\/\/domainedesaguins.fr\/wp-content\/uploads\/2022\/07\/Etrille_Cuisine2-scaled.jpg\" data-attachment-id=\"680\" class=\"fg-thumb\"><span class=\"fg-image-wrap\"><img decoding=\"async\" width=\"150\" height=\"150\" class=\"skip-lazy fg-image\" data-src-fg=\"https:\/\/domainedesaguins.fr\/wp-content\/uploads\/cache\/2022\/07\/Etrille_Cuisine2-scaled\/335231645.jpg\" src=\"data:image\/svg+xml,%3Csvg%20xmlns%3D%22http%3A%2F%2Fwww.w3.org%2F2000%2Fsvg%22%20width%3D%22150%22%20height%3D%22150%22%20viewBox%3D%220%200%20150%20150%22%3E%3C%2Fsvg%3E\" loading=\"eager\"><\/span><span class=\"fg-image-overlay\"><\/span><\/a><figcaption class=\"fg-caption\"><div class=\"fg-caption-inner\"><\/div><\/figcaption><\/figure><div class=\"fg-loader\"><\/div><\/div><div class=\"fg-item fg-type-image fg-idle\"><figure class=\"fg-item-inner\"><a href=\"https:\/\/domainedesaguins.fr\/wp-content\/uploads\/2022\/07\/Etrille_Ch-scaled.jpg\" data-attachment-id=\"677\" class=\"fg-thumb\"><span class=\"fg-image-wrap\"><img decoding=\"async\" width=\"150\" height=\"150\" class=\"skip-lazy fg-image\" data-src-fg=\"https:\/\/domainedesaguins.fr\/wp-content\/uploads\/cache\/2022\/07\/Etrille_Ch-scaled\/-322682550.jpg\" src=\"data:image\/svg+xml,%3Csvg%20xmlns%3D%22http%3A%2F%2Fwww.w3.org%2F2000%2Fsvg%22%20width%3D%22150%22%20height%3D%22150%22%20viewBox%3D%220%200%20150%20150%22%3E%3C%2Fsvg%3E\" loading=\"eager\"><\/span><span class=\"fg-image-overlay\"><\/span><\/a><figcaption class=\"fg-caption\"><div class=\"fg-caption-inner\"><\/div><\/figcaption><\/figure><div class=\"fg-loader\"><\/div><\/div><div class=\"fg-item fg-type-image fg-idle\"><figure class=\"fg-item-inner\"><a href=\"https:\/\/domainedesaguins.fr\/wp-content\/uploads\/2022\/07\/Etrille_Ch_Enf-scaled.jpg\" data-attachment-id=\"676\" class=\"fg-thumb\"><span class=\"fg-image-wrap\"><img decoding=\"async\" width=\"150\" height=\"150\" class=\"skip-lazy fg-image\" data-src-fg=\"https:\/\/domainedesaguins.fr\/wp-content\/uploads\/cache\/2022\/07\/Etrille_Ch_Enf-scaled\/1592857444.jpg\" src=\"data:image\/svg+xml,%3Csvg%20xmlns%3D%22http%3A%2F%2Fwww.w3.org%2F2000%2Fsvg%22%20width%3D%22150%22%20height%3D%22150%22%20viewBox%3D%220%200%20150%20150%22%3E%3C%2Fsvg%3E\" loading=\"eager\"><\/span><span class=\"fg-image-overlay\"><\/span><\/a><figcaption class=\"fg-caption\"><div class=\"fg-caption-inner\"><\/div><\/figcaption><\/figure><div class=\"fg-loader\"><\/div><\/div><\/div>\r\n<nav id=\"foogallery-gallery-321_paging-bottom\" class=\"fg-paging-container fg-ph-dots\"><\/nav><script type=\"text\/javascript\">  window[\"foogallery-gallery-321_items\"] = [{\"href\":\"https:\/\/domainedesaguins.fr\/wp-content\/uploads\/2022\/07\/Etrille_Sdb-scaled.jpg\",\"src\":\"https:\/\/domainedesaguins.fr\/wp-content\/uploads\/cache\/2022\/07\/Etrille_Sdb-scaled\/-1357332815.jpg\",\"width\":150,\"height\":150,\"alt\":\"\",\"id\":682,\"attr\":{\"anchor\":{\"data-attachment-id\":682,\"class\":\"fg-thumb\"}}}  ];<\/script>\n\n\n<div style=\"height:44px\" aria-hidden=\"true\" class=\"wp-block-spacer\"><\/div>\n\n\n\n<div class=\"wp-block-buttons is-layout-flex wp-block-buttons-is-layout-flex\">\n<div class=\"wp-block-button aligncenter\"><a class=\"wp-block-button__link\" href=\"https:\/\/domainedesaguins.fr\/index.php\/sample-page\/\">Consulter les tarifs<\/a><\/div>\n<\/div>\n","protected":false},"excerpt":{"rendered":"<p>A l&rsquo;\u00e9tage, le logement est compos\u00e9 d&rsquo;un s\u00e9jour-coin repas comprenant une cuisine \u00e9quip\u00e9e&nbsp; avec plaques chauffantes, r\u00e9frig\u00e9rateur, lave-vaisselle, meubles de rangement, table, chaises et un canap\u00e9. Il dispose \u00e9galement de deux chambres, l\u2019une avec un lit de deux personnes et une commode, l\u2019autre avec un lit superpos\u00e9 et une commode. La salle d\u2019eau comprend douche, &hellip;<\/p>\n<p class=\"read-more\"> <a class=\"\" href=\"https:\/\/domainedesaguins.fr\/index.php\/letrille-4-personnes-t3-46m2\/\"> <span class=\"screen-reader-text\">L&rsquo;Etrille (4 personnes &#8211; T3 46m2)<\/span> Lire la suite\u00a0\u00bb<\/a><\/p>\n","protected":false},"author":1,"featured_media":0,"parent":0,"menu_order":0,"comment_status":"closed","ping_status":"closed","template":"","meta":{"site-sidebar-layout":"default","site-content-layout":"default","ast-global-header-display":"","ast-main-header-display":"","ast-hfb-above-header-display":"","ast-hfb-below-header-display":"","ast-hfb-mobile-header-display":"","site-post-title":"","ast-breadcrumbs-content":"","ast-featured-img":"","footer-sml-layout":"","theme-transparent-header-meta":"","adv-header-id-meta":"","stick-header-meta":"","header-above-stick-meta":"","header-main-stick-meta":"","header-below-stick-meta":"","footnotes":""},"uagb_featured_image_src":{"full":false,"thumbnail":false,"medium":false,"medium_large":false,"large":false,"1536x1536":false,"2048x2048":false},"uagb_author_info":{"display_name":"adm_wp_LesAguins","author_link":"https:\/\/domainedesaguins.fr\/index.php\/author\/adm_wp_lesaguins\/"},"uagb_comment_info":0,"uagb_excerpt":"A l&rsquo;\u00e9tage, le logement est compos\u00e9 d&rsquo;un s\u00e9jour-coin repas comprenant une cuisine \u00e9quip\u00e9e&nbsp; avec plaques chauffantes, r\u00e9frig\u00e9rateur, lave-vaisselle, meubles de rangement, table, chaises et un canap\u00e9. Il dispose \u00e9galement de deux chambres, l\u2019une avec un lit de deux personnes et une commode, l\u2019autre avec un lit superpos\u00e9 et une commode. La salle d\u2019eau comprend douche,\u2026","_links":{"self":[{"href":"https:\/\/domainedesaguins.fr\/index.php\/wp-json\/wp\/v2\/pages\/347"}],"collection":[{"href":"https:\/\/domainedesaguins.fr\/index.php\/wp-json\/wp\/v2\/pages"}],"about":[{"href":"https:\/\/domainedesaguins.fr\/index.php\/wp-json\/wp\/v2\/types\/page"}],"author":[{"embeddable":true,"href":"https:\/\/domainedesaguins.fr\/index.php\/wp-json\/wp\/v2\/users\/1"}],"replies":[{"embeddable":true,"href":"https:\/\/domainedesaguins.fr\/index.php\/wp-json\/wp\/v2\/comments?post=347"}],"version-history":[{"count":7,"href":"https:\/\/domainedesaguins.fr\/index.php\/wp-json\/wp\/v2\/pages\/347\/revisions"}],"predecessor-version":[{"id":603,"href":"https:\/\/domainedesaguins.fr\/index.php\/wp-json\/wp\/v2\/pages\/347\/revisions\/603"}],"wp:attachment":[{"href":"https:\/\/domainedesaguins.fr\/index.php\/wp-json\/wp\/v2\/media?parent=347"}],"curies":[{"name":"wp","href":"https:\/\/api.w.org\/{rel}","templated":true}]}}