{"id":248,"date":"2022-07-03T20:11:54","date_gmt":"2022-07-03T20:11:54","guid":{"rendered":"http:\/\/45.147.96.217\/?page_id=248"},"modified":"2022-08-05T09:36:22","modified_gmt":"2022-08-05T09:36:22","slug":"nos-appartements","status":"publish","type":"page","link":"https:\/\/domainedesaguins.fr\/index.php\/nos-appartements\/","title":{"rendered":"Les appartements"},"content":{"rendered":"\n<p>La maison charentaise a \u00e9t\u00e9 restaur\u00e9e pour pouvoir accueillir 4 appartements disposant de tout le confort.<\/p>\n\n\n\n<div class=\"wp-block-columns is-layout-flex wp-container-core-columns-is-layout-1 wp-block-columns-is-layout-flex\">\n<div class=\"wp-block-column has-ast-global-color-8-background-color has-background is-layout-flow wp-block-column-is-layout-flow\" style=\"padding-top:30px;padding-right:30px;padding-bottom:30px;padding-left:30px\">\n<h4 class=\"wp-block-heading\">Le Galet (2 personnes)<\/h4>\n\n\n\n<p>T2 de 36m2, de plein pied donnant sur un jardin privatif.<\/p>\n\n\n\n<div class=\"wp-block-buttons is-content-justification-center is-layout-flex wp-container-core-buttons-is-layout-1 wp-block-buttons-is-layout-flex\">\n<div class=\"wp-block-button\"><a class=\"wp-block-button__link\" href=\"https:\/\/domainedesaguins.fr\/index.php\/le-galet-2-personnes-36m2\/\">D\u00e9couvrir l&rsquo;appartement<\/a><\/div>\n<\/div>\n<\/div>\n\n\n\n<div class=\"wp-block-column has-ast-global-color-8-background-color has-background is-layout-flow wp-block-column-is-layout-flow\" style=\"padding-top:30px;padding-right:30px;padding-bottom:30px;padding-left:30px\">\n<h4 class=\"wp-block-heading\"><strong>Le Carrelet<\/strong> (4 personnes)<\/h4>\n\n\n\n<p>T3 de 46m2, de plein pied donnant sur un jardin privatif. <\/p>\n\n\n\n<div class=\"wp-block-buttons is-content-justification-center is-layout-flex wp-container-core-buttons-is-layout-2 wp-block-buttons-is-layout-flex\">\n<div class=\"wp-block-button\"><a class=\"wp-block-button__link\" href=\"https:\/\/domainedesaguins.fr\/index.php\/le-carrelet-4-personnes-t3-46m2\/\">D\u00e9couvrir l&rsquo;appartement<\/a><\/div>\n<\/div>\n<\/div>\n<\/div>\n\n\n\n<div style=\"height:31px\" aria-hidden=\"true\" class=\"wp-block-spacer\"><\/div>\n\n\n\n<div class=\"wp-block-columns is-layout-flex wp-container-core-columns-is-layout-2 wp-block-columns-is-layout-flex\">\n<div class=\"wp-block-column has-ast-global-color-8-background-color has-background is-layout-flow wp-block-column-is-layout-flow\" style=\"padding-top:30px;padding-right:30px;padding-bottom:30px;padding-left:30px\">\n<h4 class=\"wp-block-heading\">L&rsquo;Etrille (4 personnes)<\/h4>\n\n\n\n<p>T3 de 46m\u00b2 \u00e0 l\u2019\u00e9tage.<\/p>\n\n\n\n<div class=\"wp-block-buttons is-content-justification-center is-layout-flex wp-container-core-buttons-is-layout-3 wp-block-buttons-is-layout-flex\">\n<div class=\"wp-block-button\"><a class=\"wp-block-button__link\" href=\"https:\/\/domainedesaguins.fr\/index.php\/letrille-4-personnes-t3-46m2\/\">D\u00e9couvrir l&rsquo;appartement<\/a><\/div>\n<\/div>\n<\/div>\n\n\n\n<div class=\"wp-block-column has-ast-global-color-8-background-color has-background is-layout-flow wp-block-column-is-layout-flow\" style=\"padding-top:30px;padding-right:30px;padding-bottom:30px;padding-left:30px\">\n<h4 class=\"wp-block-heading\"><strong><strong>La Tr\u00e9mi\u00e8re<\/strong><\/strong> (4 personnes)<\/h4>\n\n\n\n<p>T3 de 42m\u00b2 \u00e0 l\u2019\u00e9tage.<\/p>\n\n\n\n<div class=\"wp-block-buttons is-content-justification-center is-layout-flex wp-container-core-buttons-is-layout-4 wp-block-buttons-is-layout-flex\">\n<div class=\"wp-block-button\"><a class=\"wp-block-button__link\" href=\"https:\/\/domainedesaguins.fr\/index.php\/la-tremiere-4-personnes-t3-42m2\/\">D\u00e9couvrir l&rsquo;appartement<\/a><\/div>\n<\/div>\n<\/div>\n<\/div>\n","protected":false},"excerpt":{"rendered":"<p>La maison charentaise a \u00e9t\u00e9 restaur\u00e9e pour pouvoir accueillir 4 appartements disposant de tout le confort. Le Galet (2 personnes) T2 de 36m2, de plein pied donnant sur un jardin privatif. Le Carrelet (4 personnes) T3 de 46m2, de plein pied donnant sur un jardin privatif. L&rsquo;Etrille (4 personnes) T3 de 46m\u00b2 \u00e0 l\u2019\u00e9tage. La &hellip;<\/p>\n<p class=\"read-more\"> <a class=\"\" href=\"https:\/\/domainedesaguins.fr\/index.php\/nos-appartements\/\"> <span class=\"screen-reader-text\">Les appartements<\/span> Lire la suite\u00a0\u00bb<\/a><\/p>\n","protected":false},"author":1,"featured_media":0,"parent":0,"menu_order":0,"comment_status":"closed","ping_status":"closed","template":"","meta":{"site-sidebar-layout":"default","site-content-layout":"default","ast-global-header-display":"","ast-main-header-display":"","ast-hfb-above-header-display":"","ast-hfb-below-header-display":"","ast-hfb-mobile-header-display":"","site-post-title":"","ast-breadcrumbs-content":"","ast-featured-img":"","footer-sml-layout":"","theme-transparent-header-meta":"","adv-header-id-meta":"","stick-header-meta":"","header-above-stick-meta":"","header-main-stick-meta":"","header-below-stick-meta":"","footnotes":""},"uagb_featured_image_src":{"full":false,"thumbnail":false,"medium":false,"medium_large":false,"large":false,"1536x1536":false,"2048x2048":false},"uagb_author_info":{"display_name":"adm_wp_LesAguins","author_link":"https:\/\/domainedesaguins.fr\/index.php\/author\/adm_wp_lesaguins\/"},"uagb_comment_info":0,"uagb_excerpt":"La maison charentaise a \u00e9t\u00e9 restaur\u00e9e pour pouvoir accueillir 4 appartements disposant de tout le confort. Le Galet (2 personnes) T2 de 36m2, de plein pied donnant sur un jardin privatif. Le Carrelet (4 personnes) T3 de 46m2, de plein pied donnant sur un jardin privatif. L&rsquo;Etrille (4 personnes) T3 de 46m\u00b2 \u00e0 l\u2019\u00e9tage. La\u2026","_links":{"self":[{"href":"https:\/\/domainedesaguins.fr\/index.php\/wp-json\/wp\/v2\/pages\/248"}],"collection":[{"href":"https:\/\/domainedesaguins.fr\/index.php\/wp-json\/wp\/v2\/pages"}],"about":[{"href":"https:\/\/domainedesaguins.fr\/index.php\/wp-json\/wp\/v2\/types\/page"}],"author":[{"embeddable":true,"href":"https:\/\/domainedesaguins.fr\/index.php\/wp-json\/wp\/v2\/users\/1"}],"replies":[{"embeddable":true,"href":"https:\/\/domainedesaguins.fr\/index.php\/wp-json\/wp\/v2\/comments?post=248"}],"version-history":[{"count":17,"href":"https:\/\/domainedesaguins.fr\/index.php\/wp-json\/wp\/v2\/pages\/248\/revisions"}],"predecessor-version":[{"id":591,"href":"https:\/\/domainedesaguins.fr\/index.php\/wp-json\/wp\/v2\/pages\/248\/revisions\/591"}],"wp:attachment":[{"href":"https:\/\/domainedesaguins.fr\/index.php\/wp-json\/wp\/v2\/media?parent=248"}],"curies":[{"name":"wp","href":"https:\/\/api.w.org\/{rel}","templated":true}]}}