{"id":203,"date":"2022-07-03T07:49:02","date_gmt":"2022-07-03T07:49:02","guid":{"rendered":"http:\/\/45.147.96.217\/?page_id=203"},"modified":"2022-07-09T15:15:36","modified_gmt":"2022-07-09T15:15:36","slug":"le-domaine","status":"publish","type":"page","link":"https:\/\/domainedesaguins.fr\/index.php\/le-domaine\/","title":{"rendered":"Le Domaine"},"content":{"rendered":"\n<p>Id\u00e9alement situ\u00e9 \u00e0 proximit\u00e9 des&nbsp;<strong>grandes plages de la C\u00f4te de Beaut\u00e9<\/strong>&nbsp;et en plein c\u0153ur du&nbsp;<strong>pays royannais<\/strong>, le Domaine des Aguins offre un lieu de r\u00e9sidence exceptionnel pour passer des vacances d\u00e9paysantes au grand air.<\/p>\n\n\n\n<div style=\"height:69px\" aria-hidden=\"true\" class=\"wp-block-spacer\"><\/div>\n\n\n\n<div class=\"wp-block-columns is-layout-flex wp-container-core-columns-is-layout-1 wp-block-columns-is-layout-flex\">\n<div class=\"wp-block-column is-layout-flow wp-block-column-is-layout-flow\">\n<div class=\"wp-block-buttons is-layout-flex wp-block-buttons-is-layout-flex\">\n<div class=\"wp-block-button\"><a class=\"wp-block-button__link\" href=\"https:\/\/domainedesaguins.fr\/index.php\/pour-venir-au-domaine\/\" style=\"border-radius:40px\">Comment venir au Domaine<\/a><\/div>\n<\/div>\n<\/div>\n\n\n\n<div class=\"wp-block-column is-layout-flow wp-block-column-is-layout-flow\">\n<div class=\"wp-block-buttons is-layout-flex wp-block-buttons-is-layout-flex\">\n<div class=\"wp-block-button\"><a class=\"wp-block-button__link\" href=\"https:\/\/domainedesaguins.fr\/index.php\/le-domaine-et-ses-environs\/\" style=\"border-radius:40px\">D\u00e9couvrir les environs<\/a><\/div>\n<\/div>\n<\/div>\n\n\n\n<div class=\"wp-block-column is-layout-flow wp-block-column-is-layout-flow\">\n<div class=\"wp-block-buttons is-layout-flex wp-block-buttons-is-layout-flex\">\n<div class=\"wp-block-button\"><a class=\"wp-block-button__link\" href=\"https:\/\/domainedesaguins.fr\/index.php\/les-plans-du-domaine-et-des-habitations\/\" style=\"border-radius:40px\">Plans du Domaine<\/a><\/div>\n<\/div>\n<\/div>\n<\/div>\n","protected":false},"excerpt":{"rendered":"<p>Id\u00e9alement situ\u00e9 \u00e0 proximit\u00e9 des&nbsp;grandes plages de la C\u00f4te de Beaut\u00e9&nbsp;et en plein c\u0153ur du&nbsp;pays royannais, le Domaine des Aguins offre un lieu de r\u00e9sidence exceptionnel pour passer des vacances d\u00e9paysantes au grand air.<\/p>\n","protected":false},"author":1,"featured_media":0,"parent":0,"menu_order":0,"comment_status":"closed","ping_status":"closed","template":"","meta":{"site-sidebar-layout":"default","site-content-layout":"default","ast-global-header-display":"","ast-main-header-display":"","ast-hfb-above-header-display":"","ast-hfb-below-header-display":"","ast-hfb-mobile-header-display":"","site-post-title":"","ast-breadcrumbs-content":"","ast-featured-img":"","footer-sml-layout":"","theme-transparent-header-meta":"","adv-header-id-meta":"","stick-header-meta":"","header-above-stick-meta":"","header-main-stick-meta":"","header-below-stick-meta":"","footnotes":""},"uagb_featured_image_src":{"full":false,"thumbnail":false,"medium":false,"medium_large":false,"large":false,"1536x1536":false,"2048x2048":false},"uagb_author_info":{"display_name":"adm_wp_LesAguins","author_link":"https:\/\/domainedesaguins.fr\/index.php\/author\/adm_wp_lesaguins\/"},"uagb_comment_info":0,"uagb_excerpt":"Id\u00e9alement situ\u00e9 \u00e0 proximit\u00e9 des&nbsp;grandes plages de la C\u00f4te de Beaut\u00e9&nbsp;et en plein c\u0153ur du&nbsp;pays royannais, le Domaine des Aguins offre un lieu de r\u00e9sidence exceptionnel pour passer des vacances d\u00e9paysantes au grand air.","_links":{"self":[{"href":"https:\/\/domainedesaguins.fr\/index.php\/wp-json\/wp\/v2\/pages\/203"}],"collection":[{"href":"https:\/\/domainedesaguins.fr\/index.php\/wp-json\/wp\/v2\/pages"}],"about":[{"href":"https:\/\/domainedesaguins.fr\/index.php\/wp-json\/wp\/v2\/types\/page"}],"author":[{"embeddable":true,"href":"https:\/\/domainedesaguins.fr\/index.php\/wp-json\/wp\/v2\/users\/1"}],"replies":[{"embeddable":true,"href":"https:\/\/domainedesaguins.fr\/index.php\/wp-json\/wp\/v2\/comments?post=203"}],"version-history":[{"count":4,"href":"https:\/\/domainedesaguins.fr\/index.php\/wp-json\/wp\/v2\/pages\/203\/revisions"}],"predecessor-version":[{"id":555,"href":"https:\/\/domainedesaguins.fr\/index.php\/wp-json\/wp\/v2\/pages\/203\/revisions\/555"}],"wp:attachment":[{"href":"https:\/\/domainedesaguins.fr\/index.php\/wp-json\/wp\/v2\/media?parent=203"}],"curies":[{"name":"wp","href":"https:\/\/api.w.org\/{rel}","templated":true}]}}